{"id":2428,"date":"2024-03-27T17:02:21","date_gmt":"2024-03-27T16:02:21","guid":{"rendered":"https:\/\/soluwater.com\/news\/"},"modified":"2025-05-29T16:28:14","modified_gmt":"2025-05-29T14:28:14","slug":"news-2","status":"publish","type":"page","link":"https:\/\/soluwater.com\/de\/news-2\/","title":{"rendered":"Nachrichten"},"content":{"rendered":"<div id=\"fws_69e35a383b1bd\"  data-column-margin=\"default\" data-midnight=\"light\"  class=\"wpb_row vc_row-fluid vc_row full-width-content vc_row-o-equal-height vc_row-flex vc_row-o-content-top\"  style=\"padding-top: 0px; padding-bottom: 0px; \"><div class=\"row-bg-wrap\" data-bg-animation=\"none\" data-bg-animation-delay=\"\" data-bg-overlay=\"false\"><div class=\"inner-wrap row-bg-layer\" ><div class=\"row-bg viewport-desktop using-bg-color\"  style=\"background-color: #141414; \"><\/div><\/div><\/div><div class=\"row_col_wrap_12 col span_12 light left\">\n\t<div  class=\"vc_col-sm-12 wpb_column column_container vc_column_container col no-extra-padding inherit_tablet inherit_phone\"  data-padding-pos=\"all\" data-has-bg-color=\"false\" data-bg-color=\"\" data-bg-opacity=\"1\" data-animation=\"\" data-delay=\"0\" >\n\t\t<div class=\"vc_column-inner\" >\n\t\t\t<div class=\"wpb_wrapper\">\n\t\t\t\t<div id=\"rps_69e35a383e70d\" class=\"nectar-recent-posts-single_featured nectar-recent-posts-element parallax_section\" data-max-width=\"default\" data-align=\"middle\" data-side-spacing=\"default\" data-padding=\"12%\" data-bg-overlay=\"diagonal_gradient\" data-height=\"600\" data-animate-in-effect=\"none\" data-remove-post-date=\"\" data-remove-post-author=\"\" data-remove-post-comment-number=\"\" data-remove-post-nectar-love=\"\">\n      \n      <div class=\"nectar-recent-post-slide  post-ref-0\">\n\n        <div class=\"row-bg using-image\" data-parallax-speed=\"fast\">\n          <div class=\"nectar-recent-post-bg\"  style=\"background-image: url(https:\/\/soluwater.com\/wp-content\/uploads\/2026\/03\/Tratamiento-cuaternario-EDAR.png); \"><\/div>\n        <\/div>\n\n        <div class=\"recent-post-container container\"><div class=\"inner-wrap\"><div class=\"grav-wrap\"><a href=\"https:\/\/soluwater.com\/de\/author\/marketing-soluwater\/\"><\/a><div class=\"text\"><span>By <a href=\"https:\/\/soluwater.com\/de\/author\/marketing-soluwater\/\" rel=\"author\">Soluwater Marketing<\/a><\/span><span> In<\/span> <a class=\"eliminacion-de-materia-organica\" href=\"https:\/\/soluwater.com\/de\/category\/eliminacion-de-materia-organica\/\"><span class=\"eliminacion-de-materia-organica\">Eliminaci\u00f3n de materia org\u00e1nica<\/span><\/a><\/div><\/div><h2 class=\"large-featured-post-title post-ref-1\">          <a href=\" https:\/\/soluwater.com\/de\/tratamiento-cuaternario-edar\/\" class=\"full-slide-link\"> Tratamiento cuaternario EDAR <\/a>\n          <\/h2>\n          <div class=\"excerpt\">\u00a1Descubre c\u00f3mo Soluwater ha sido clave en la restauraci\u00f3n de Pinofranqueado tras la devastaci\u00f3n! Conoce este emocionante caso de \u00e9xito&hellip;<\/div>\n                    <a class=\"nectar-button large regular m-extra-color-gradient-2 has-icon\" data-arrow-style=\"default\" href=\"https:\/\/soluwater.com\/de\/tratamiento-cuaternario-edar\/\" data-color-override=\"false\" data-hover-color-override=\"false\" data-hover-text-color-override=\"#fff\" >\n            <span>Read More<\/span>\n            <i class=\"icon-button-arrow\"><\/i>          <\/a>\n\n        <\/div>\n\n        <\/div>\n\n      <\/div>\n\n    \n  <\/div>\n\t\t\t<\/div> \n\t\t<\/div>\n\t<\/div> \n<\/div><\/div>\n\t\t<div id=\"fws_69e35a383fbdd\"  data-column-margin=\"default\" data-midnight=\"light\"  class=\"wpb_row vc_row-fluid vc_row full-width-content vc_row-o-equal-height vc_row-flex vc_row-o-content-top\"  style=\"padding-top: 0px; padding-bottom: 0px; \"><div class=\"row-bg-wrap\" data-bg-animation=\"none\" data-bg-animation-delay=\"\" data-bg-overlay=\"false\"><div class=\"inner-wrap row-bg-layer\" ><div class=\"row-bg viewport-desktop using-bg-color\"  style=\"background-color: #000000; \"><\/div><\/div><\/div><div class=\"row_col_wrap_12 col span_12 light left\">\n\t<div  class=\"vc_col-sm-12 wpb_column column_container vc_column_container col no-extra-padding inherit_tablet inherit_phone\"  data-padding-pos=\"all\" data-has-bg-color=\"false\" data-bg-color=\"\" data-bg-opacity=\"1\" data-animation=\"\" data-delay=\"0\" >\n\t\t<div class=\"vc_column-inner\" >\n\t\t\t<div class=\"wpb_wrapper\">\n\t\t\t\t<div class='nectar-post-grid-wrap text-color-light spacing-15px' data-el-settings='{\"post_type\":\"post\",\"pagination\":\"load-more\",\"image_size\":\"large\",\"parallax_scrolling\":\"\",\"aspect_ratio_image_size\":\"\",\"category_position\":\"default\",\"category_display\":\"default\",\"display_categories\":\"yes\",\"display_excerpt\":\"0\",\"excerpt_length\":\"20\",\"display_date\":\"0\",\"display_estimated_reading_time\":\"0\",\"display_author\":\"0\",\"author_functionality\":\"default\",\"author_position\":\"default\",\"color_overlay\":\"\",\"color_overlay_opacity\":\"0\",\"color_overlay_hover_opacity\":\"0\",\"card_bg_color\":\"\",\"grid_style\":\"content_overlaid\",\"hover_effect\":\"slow_zoom\",\"post_title_overlay\":\"\",\"heading_tag\":\"default\",\"enable_gallery_lightbox\":\"0\",\"category_style\":\"underline\",\"overlay_secondary_project_image\":\"\",\"vertical_list_hover_effect\":\"none\",\"vertical_list_read_more\":\"\",\"read_more_button\":\"0\",\"animation\":\"none\"}' data-style='content_overlaid' data-query='{\"post_type\":\"post\",\"posts_per_page\":\"6\",\"order\":\"DESC\",\"orderby\":\"date\",\"offset\":\"0\",\"cpt_name\":\"post\",\"custom_query_tax\":\"\",\"ignore_sticky_posts\":\"\"}' data-load-more-color='black' data-load-more-text='Load More'><div class=\"nectar-post-grid-filters\" data-active-color=\"default\" data-align=\"default\" data-animation=\"none\" data-sortable=\"yes\"><h4>Filter<\/h4><div><a href=\"#\" class=\"active all-filter\" data-total-count=\"9\" data-filter=\"all,casos-de-exito,noticias\">All<\/a><a href=\"#\" data-filter=\"casos-de-exito\" data-total-count=\"4\">Casos de \u00e9xito<\/a><a href=\"#\" data-filter=\"noticias\" data-total-count=\"7\">Nachrichten<\/a><\/div><\/div><div class=\"nectar-post-grid text-opacity-1 text-opacity-hover-1 category-position-before-title\" data-indicator=\"yes\" data-indicator-style=\"default\" data-indicator-text-color=\"#fff\" data-indicator-color=\"#000000\" data-indicator-text=\"Read\" data-masonry=\"yes\" data-columns=\"3\" data-hover-effect=\"slow_zoom\" data-text-style=\"default\" data-border-radius=\"5px\" data-grid-item-height=\"30vh\" data-grid-spacing=\"15px\" data-text-layout=\"all_bottom_left_shadow\" data-text-color=\"light\" data-text-hover-color=\"light\" data-shadow-hover=\"yes\" data-animation=\"none\" data-animation-stagger=\"90\" data-cat-click=\"default\" style=\"--post-grid-border-radius:5px;\" ><div class=\"nectar-post-grid-item\" data-post-id=\"3406\" data-has-img=\"true\"> <div class=\"inner\"><div class=\"nectar-post-grid-item-bg-wrap\"><div class=\"nectar-post-grid-item-bg-wrap-inner\"><div class=\"nectar-post-grid-item-bg\"><img loading=\"lazy\" decoding=\"async\" class=\"nectar-lazy skip-lazy\" src=\"data:image\/svg+xml;charset=utf-8,%3Csvg%20xmlns%3D'http%3A%2F%2Fwww.w3.org%2F2000%2Fsvg'%20viewBox%3D'0%200%201376%20768'%2F%3E\" alt=\"Planta movil de tratamiento cuaternario\" height=\"768\" width=\"1376\" data-nectar-img-src=\"https:\/\/soluwater.com\/wp-content\/uploads\/2026\/03\/Tratamiento-cuaternario-EDAR-1024x572.png\" data-nectar-img-srcset=\"https:\/\/soluwater.com\/wp-content\/uploads\/2026\/03\/Tratamiento-cuaternario-EDAR-1024x572.png 1024w, https:\/\/soluwater.com\/wp-content\/uploads\/2026\/03\/Tratamiento-cuaternario-EDAR-768x429.png 768w, https:\/\/soluwater.com\/wp-content\/uploads\/2026\/03\/Tratamiento-cuaternario-EDAR-18x10.png 18w, https:\/\/soluwater.com\/wp-content\/uploads\/2026\/03\/Tratamiento-cuaternario-EDAR.png 1376w\" sizes=\"auto, (max-width: 1024px) 100vw, 1024px\" \/><\/div><\/div><\/div><div class=\"bg-overlay\"  data-opacity=\"0\" data-hover-opacity=\"0\"><\/div><div class=\"content\"><a class=\"nectar-post-grid-link\" href=\"https:\/\/soluwater.com\/de\/tratamiento-cuaternario-edar\/\" aria-label=\"Tratamiento cuaternario EDAR\"><\/a><span class=\"meta-category\"><a class=\"eliminacion-de-materia-organica style-underline\" href=\"https:\/\/soluwater.com\/de\/category\/eliminacion-de-materia-organica\/\">Eliminaci\u00f3n de materia org\u00e1nica<\/a><a class=\"noticias style-underline\" href=\"https:\/\/soluwater.com\/de\/category\/noticias\/\">Nachrichten<\/a><a class=\"soluwater-pw style-underline\" href=\"https:\/\/soluwater.com\/de\/category\/soluwater-pw\/\">Soluwater PW<\/a><\/span><div class=\"item-main\"><h3 class=\"post-heading\"><a href=\"https:\/\/soluwater.com\/de\/tratamiento-cuaternario-edar\/\"><span>Tratamiento cuaternario EDAR<\/span><\/a><\/h3><\/div><\/div><\/div><\/div><div class=\"nectar-post-grid-item\" data-post-id=\"3376\" data-has-img=\"true\"> <div class=\"inner\"><div class=\"nectar-post-grid-item-bg-wrap\"><div class=\"nectar-post-grid-item-bg-wrap-inner\"><div class=\"nectar-post-grid-item-bg\"><img loading=\"lazy\" decoding=\"async\" class=\"nectar-lazy skip-lazy\" src=\"data:image\/svg+xml;charset=utf-8,%3Csvg%20xmlns%3D'http%3A%2F%2Fwww.w3.org%2F2000%2Fsvg'%20viewBox%3D'0%200%201024%20744'%2F%3E\" alt=\"Suministro de agua potable con garant\u00edas mediante planta contenerizada SOLUWATER PW de tratamiento avanzado\" height=\"744\" width=\"1024\" data-nectar-img-src=\"https:\/\/soluwater.com\/wp-content\/uploads\/2026\/02\/plantas-de-tratamiento-de-agua.webp\" data-nectar-img-srcset=\"https:\/\/soluwater.com\/wp-content\/uploads\/2026\/02\/plantas-de-tratamiento-de-agua.webp 1024w, https:\/\/soluwater.com\/wp-content\/uploads\/2026\/02\/plantas-de-tratamiento-de-agua-768x558.webp 768w, https:\/\/soluwater.com\/wp-content\/uploads\/2026\/02\/plantas-de-tratamiento-de-agua-18x12.webp 18w\" sizes=\"auto, (max-width: 1024px) 100vw, 1024px\" \/><\/div><\/div><\/div><div class=\"bg-overlay\"  data-opacity=\"0\" data-hover-opacity=\"0\"><\/div><div class=\"content\"><a class=\"nectar-post-grid-link\" href=\"https:\/\/soluwater.com\/de\/suministro-de-agua-potable\/\" aria-label=\"Suministro de agua potable con garant\u00edas\"><\/a><span class=\"meta-category\"><a class=\"casos-de-exito style-underline\" href=\"https:\/\/soluwater.com\/de\/category\/casos-de-exito\/\">Casos de \u00e9xito<\/a><a class=\"eliminacion-de-materia-organica style-underline\" href=\"https:\/\/soluwater.com\/de\/category\/eliminacion-de-materia-organica\/\">Eliminaci\u00f3n de materia org\u00e1nica<\/a><a class=\"noticias style-underline\" href=\"https:\/\/soluwater.com\/de\/category\/noticias\/\">Nachrichten<\/a><a class=\"soluwater-pw style-underline\" href=\"https:\/\/soluwater.com\/de\/category\/soluwater-pw\/\">Soluwater PW<\/a><\/span><div class=\"item-main\"><h3 class=\"post-heading\"><a href=\"https:\/\/soluwater.com\/de\/suministro-de-agua-potable\/\"><span>Suministro de agua potable con garant\u00edas<\/span><\/a><\/h3><\/div><\/div><\/div><\/div><div class=\"nectar-post-grid-item\" data-post-id=\"3335\" data-has-img=\"true\"> <div class=\"inner\"><div class=\"nectar-post-grid-item-bg-wrap\"><div class=\"nectar-post-grid-item-bg-wrap-inner\"><div class=\"nectar-post-grid-item-bg\"><img loading=\"lazy\" decoding=\"async\" class=\"nectar-lazy skip-lazy\" src=\"data:image\/svg+xml;charset=utf-8,%3Csvg%20xmlns%3D'http%3A%2F%2Fwww.w3.org%2F2000%2Fsvg'%20viewBox%3D'0%200%201136%20852'%2F%3E\" alt=\"Suministro de agua tras incendio, Jerte\" height=\"852\" width=\"1136\" data-nectar-img-src=\"https:\/\/soluwater.com\/wp-content\/uploads\/2026\/02\/Suministro-de-agua-tras-incendio-Jerte-1024x768.webp\" data-nectar-img-srcset=\"https:\/\/soluwater.com\/wp-content\/uploads\/2026\/02\/Suministro-de-agua-tras-incendio-Jerte-1024x768.webp 1024w, https:\/\/soluwater.com\/wp-content\/uploads\/2026\/02\/Suministro-de-agua-tras-incendio-Jerte-768x576.webp 768w, https:\/\/soluwater.com\/wp-content\/uploads\/2026\/02\/Suministro-de-agua-tras-incendio-Jerte-16x12.webp 16w, https:\/\/soluwater.com\/wp-content\/uploads\/2026\/02\/Suministro-de-agua-tras-incendio-Jerte.webp 1136w\" sizes=\"auto, (max-width: 1024px) 100vw, 1024px\" \/><\/div><\/div><\/div><div class=\"bg-overlay\"  data-opacity=\"0\" data-hover-opacity=\"0\"><\/div><div class=\"content\"><a class=\"nectar-post-grid-link\" href=\"https:\/\/soluwater.com\/de\/suministro-de-agua-tras-incendio\/\" aria-label=\"Suministro de emergencia de agua tras incendio\"><\/a><span class=\"meta-category\"><a class=\"casos-de-exito style-underline\" href=\"https:\/\/soluwater.com\/de\/category\/casos-de-exito\/\">Casos de \u00e9xito<\/a><a class=\"eliminacion-de-materia-organica style-underline\" href=\"https:\/\/soluwater.com\/de\/category\/eliminacion-de-materia-organica\/\">Eliminaci\u00f3n de materia org\u00e1nica<\/a><a class=\"mercados-municipales style-underline\" href=\"https:\/\/soluwater.com\/de\/category\/mercados-municipales\/\">Mercados Municipales<\/a><a class=\"noticias style-underline\" href=\"https:\/\/soluwater.com\/de\/category\/noticias\/\">Nachrichten<\/a><a class=\"soluwater-pw style-underline\" href=\"https:\/\/soluwater.com\/de\/category\/soluwater-pw\/\">Soluwater PW<\/a><\/span><div class=\"item-main\"><h3 class=\"post-heading\"><a href=\"https:\/\/soluwater.com\/de\/suministro-de-agua-tras-incendio\/\"><span>Suministro de emergencia de agua tras incendio<\/span><\/a><\/h3><\/div><\/div><\/div><\/div><div class=\"nectar-post-grid-item\" data-post-id=\"3064\" data-has-img=\"true\"> <div class=\"inner\"><div class=\"nectar-post-grid-item-bg-wrap\"><div class=\"nectar-post-grid-item-bg-wrap-inner\"><div class=\"nectar-post-grid-item-bg\"><img loading=\"lazy\" decoding=\"async\" class=\"nectar-lazy skip-lazy\" src=\"data:image\/svg+xml;charset=utf-8,%3Csvg%20xmlns%3D'http%3A%2F%2Fwww.w3.org%2F2000%2Fsvg'%20viewBox%3D'0%200%202240%201260'%2F%3E\" alt=\"contaminaci\u00f3n por metalocloro\" height=\"1260\" width=\"2240\" data-nectar-img-src=\"https:\/\/soluwater.com\/wp-content\/uploads\/2025\/04\/herbicidas-1024x576.jpg\" data-nectar-img-srcset=\"https:\/\/soluwater.com\/wp-content\/uploads\/2025\/04\/herbicidas-1024x576.jpg 1024w, https:\/\/soluwater.com\/wp-content\/uploads\/2025\/04\/herbicidas-768x432.jpg 768w, https:\/\/soluwater.com\/wp-content\/uploads\/2025\/04\/herbicidas-1536x864.jpg 1536w, https:\/\/soluwater.com\/wp-content\/uploads\/2025\/04\/herbicidas-2048x1152.jpg 2048w\" sizes=\"auto, (max-width: 1024px) 100vw, 1024px\" \/><\/div><\/div><\/div><div class=\"bg-overlay\"  data-opacity=\"0\" data-hover-opacity=\"0\"><\/div><div class=\"content\"><a class=\"nectar-post-grid-link\" href=\"https:\/\/soluwater.com\/de\/eliminacion-de-metalocloro\/\" aria-label=\"Metall-Chlor-Entfernung: Moderne Grundwassertechnologie\"><\/a><span class=\"meta-category\"><a class=\"eliminacion-de-microcontaminantes style-underline\" href=\"https:\/\/soluwater.com\/de\/category\/eliminacion-de-microcontaminantes\/\">Beseitigung von Mikroverunreinigungen<\/a><a class=\"noticias style-underline\" href=\"https:\/\/soluwater.com\/de\/category\/noticias\/\">Nachrichten<\/a><a class=\"proceso-de-aguas style-underline\" href=\"https:\/\/soluwater.com\/de\/category\/proceso-de-aguas\/\">Wasseraufbereitung<\/a><a class=\"soluwater-pw style-underline\" href=\"https:\/\/soluwater.com\/de\/category\/soluwater-pw\/\">Soluwater PW<\/a><\/span><div class=\"item-main\"><h3 class=\"post-heading\"><a href=\"https:\/\/soluwater.com\/de\/eliminacion-de-metalocloro\/\"><span>Metall-Chlor-Entfernung: Moderne Grundwassertechnologie<\/span><\/a><\/h3><\/div><\/div><\/div><\/div><div class=\"nectar-post-grid-item\" data-post-id=\"3022\" data-has-img=\"true\"> <div class=\"inner\"><div class=\"nectar-post-grid-item-bg-wrap\"><div class=\"nectar-post-grid-item-bg-wrap-inner\"><div class=\"nectar-post-grid-item-bg\"><img loading=\"lazy\" decoding=\"async\" class=\"nectar-lazy skip-lazy\" src=\"data:image\/svg+xml;charset=utf-8,%3Csvg%20xmlns%3D'http%3A%2F%2Fwww.w3.org%2F2000%2Fsvg'%20viewBox%3D'0%200%201200%20771'%2F%3E\" alt=\"microcontaminantes en agua\" height=\"771\" width=\"1200\" data-nectar-img-src=\"https:\/\/soluwater.com\/wp-content\/uploads\/2025\/03\/DALL\u00b7E-2025-03-26-17.37.01-A-close-up-image-of-pills-dissolving-in-water-creating-effervescent-bubbles.-The-pills-are-various-colors-and-the-water-is-clear-with-light-reflect-1024x658.jpg\" data-nectar-img-srcset=\"https:\/\/soluwater.com\/wp-content\/uploads\/2025\/03\/DALL\u00b7E-2025-03-26-17.37.01-A-close-up-image-of-pills-dissolving-in-water-creating-effervescent-bubbles.-The-pills-are-various-colors-and-the-water-is-clear-with-light-reflect-1024x658.jpg 1024w, https:\/\/soluwater.com\/wp-content\/uploads\/2025\/03\/DALL\u00b7E-2025-03-26-17.37.01-A-close-up-image-of-pills-dissolving-in-water-creating-effervescent-bubbles.-The-pills-are-various-colors-and-the-water-is-clear-with-light-reflect-768x493.jpg 768w, https:\/\/soluwater.com\/wp-content\/uploads\/2025\/03\/DALL\u00b7E-2025-03-26-17.37.01-A-close-up-image-of-pills-dissolving-in-water-creating-effervescent-bubbles.-The-pills-are-various-colors-and-the-water-is-clear-with-light-reflect.jpg 1200w\" sizes=\"auto, (max-width: 1024px) 100vw, 1024px\" \/><\/div><\/div><\/div><div class=\"bg-overlay\"  data-opacity=\"0\" data-hover-opacity=\"0\"><\/div><div class=\"content\"><a class=\"nectar-post-grid-link\" href=\"https:\/\/soluwater.com\/de\/eliminacion-microcontaminantes-agua\/\" aria-label=\"Fortgeschrittene Oxidation: Der Schl\u00fcssel zum Abbau von widerspenstigen Mikroverunreinigungen\"><\/a><span class=\"meta-category\"><a class=\"noticias style-underline\" href=\"https:\/\/soluwater.com\/de\/category\/noticias\/\">Nachrichten<\/a><a class=\"proceso-de-aguas style-underline\" href=\"https:\/\/soluwater.com\/de\/category\/proceso-de-aguas\/\">Wasseraufbereitung<\/a><a class=\"soluwater-pw style-underline\" href=\"https:\/\/soluwater.com\/de\/category\/soluwater-pw\/\">Soluwater PW<\/a><\/span><div class=\"item-main\"><h3 class=\"post-heading\"><a href=\"https:\/\/soluwater.com\/de\/eliminacion-microcontaminantes-agua\/\"><span>Fortgeschrittene Oxidation: Der Schl\u00fcssel zum Abbau von widerspenstigen Mikroverunreinigungen<\/span><\/a><\/h3><\/div><\/div><\/div><\/div><div class=\"nectar-post-grid-item\" data-post-id=\"2886\" data-has-img=\"true\"> <div class=\"inner\"><div class=\"nectar-post-grid-item-bg-wrap\"><div class=\"nectar-post-grid-item-bg-wrap-inner\"><div class=\"nectar-post-grid-item-bg\"><img loading=\"lazy\" decoding=\"async\" class=\"nectar-lazy skip-lazy\" src=\"data:image\/svg+xml;charset=utf-8,%3Csvg%20xmlns%3D'http%3A%2F%2Fwww.w3.org%2F2000%2Fsvg'%20viewBox%3D'0%200%201000%20450'%2F%3E\" alt=\"soluwater en smagua\" height=\"450\" width=\"1000\" data-nectar-img-src=\"https:\/\/soluwater.com\/wp-content\/uploads\/2025\/02\/banner-smagua-1.jpg\" data-nectar-img-srcset=\"https:\/\/soluwater.com\/wp-content\/uploads\/2025\/02\/banner-smagua-1.jpg 1000w, https:\/\/soluwater.com\/wp-content\/uploads\/2025\/02\/banner-smagua-1-768x346.jpg 768w\" sizes=\"auto, (max-width: 1000px) 100vw, 1000px\" \/><\/div><\/div><\/div><div class=\"bg-overlay\"  data-opacity=\"0\" data-hover-opacity=\"0\"><\/div><div class=\"content\"><a class=\"nectar-post-grid-link\" href=\"https:\/\/soluwater.com\/de\/soluwater-smagua-2025\/\" aria-label=\"Soluwater en Smagua 2025: Innovaci\u00f3n en gesti\u00f3n del agua\"><\/a><span class=\"meta-category\"><a class=\"noticias style-underline\" href=\"https:\/\/soluwater.com\/de\/category\/noticias\/\">Nachrichten<\/a><\/span><div class=\"item-main\"><h3 class=\"post-heading\"><a href=\"https:\/\/soluwater.com\/de\/soluwater-smagua-2025\/\"><span>Soluwater en Smagua 2025: Innovaci\u00f3n en gesti\u00f3n del agua<\/span><\/a><\/h3><\/div><\/div><\/div><\/div><\/div><\/div>\n\t\t\t<\/div> \n\t\t<\/div>\n\t<\/div> \n<\/div><\/div>","protected":false},"excerpt":{"rendered":"Smagua 2025 est\u00e1 a la vuelta de la esquina, y en Soluwater estamos listos para presentar nuestras \u00faltimas innovaciones en gesti\u00f3n del agua y riego. Del 4 al 6 de...","protected":false},"author":2,"featured_media":0,"parent":0,"menu_order":8,"comment_status":"closed","ping_status":"closed","template":"","meta":{"inline_featured_image":false,"footnotes":""},"class_list":["post-2428","page","type-page","status-publish"],"yoast_head":"<!-- This site is optimized with the Yoast SEO plugin v27.2 - https:\/\/yoast.com\/product\/yoast-seo-wordpress\/ -->\n<title>News - Soluwater<\/title>\n<meta name=\"robots\" content=\"index, follow, max-snippet:-1, max-image-preview:large, max-video-preview:-1\" \/>\n<link rel=\"canonical\" href=\"https:\/\/soluwater.com\/de\/news-2\/\" \/>\n<meta property=\"og:locale\" content=\"de_DE\" \/>\n<meta property=\"og:type\" content=\"article\" \/>\n<meta property=\"og:title\" content=\"News - Soluwater\" \/>\n<meta property=\"og:url\" content=\"https:\/\/soluwater.com\/de\/news-2\/\" \/>\n<meta property=\"og:site_name\" content=\"Soluwater\" \/>\n<meta property=\"article:modified_time\" content=\"2025-05-29T14:28:14+00:00\" \/>\n<meta name=\"twitter:card\" content=\"summary_large_image\" \/>\n<meta name=\"twitter:label1\" content=\"Gesch\u00e4tzte Lesezeit\" \/>\n\t<meta name=\"twitter:data1\" content=\"1\u00a0Minute\" \/>\n<script type=\"application\/ld+json\" class=\"yoast-schema-graph\">{\"@context\":\"https:\/\/schema.org\",\"@graph\":[{\"@type\":\"WebPage\",\"@id\":\"https:\/\/soluwater.com\/fr\/news-2\/\",\"url\":\"https:\/\/soluwater.com\/fr\/news-2\/\",\"name\":\"News - Soluwater\",\"isPartOf\":{\"@id\":\"https:\/\/soluwater.com\/#website\"},\"datePublished\":\"2024-03-27T16:02:21+00:00\",\"dateModified\":\"2025-05-29T14:28:14+00:00\",\"breadcrumb\":{\"@id\":\"https:\/\/soluwater.com\/fr\/news-2\/#breadcrumb\"},\"inLanguage\":\"de\",\"potentialAction\":[{\"@type\":\"ReadAction\",\"target\":[\"https:\/\/soluwater.com\/fr\/news-2\/\"]}]},{\"@type\":\"BreadcrumbList\",\"@id\":\"https:\/\/soluwater.com\/fr\/news-2\/#breadcrumb\",\"itemListElement\":[{\"@type\":\"ListItem\",\"position\":1,\"name\":\"Portada\",\"item\":\"https:\/\/soluwater.com\/\"},{\"@type\":\"ListItem\",\"position\":2,\"name\":\"News\"}]},{\"@type\":\"WebSite\",\"@id\":\"https:\/\/soluwater.com\/#website\",\"url\":\"https:\/\/soluwater.com\/\",\"name\":\"Soluwater\",\"description\":\"Alquiler de plantas m\u00f3viles de tratamiento de agua\",\"potentialAction\":[{\"@type\":\"SearchAction\",\"target\":{\"@type\":\"EntryPoint\",\"urlTemplate\":\"https:\/\/soluwater.com\/?s={search_term_string}\"},\"query-input\":{\"@type\":\"PropertyValueSpecification\",\"valueRequired\":true,\"valueName\":\"search_term_string\"}}],\"inLanguage\":\"de\"}]}<\/script>\n<!-- \/ Yoast SEO plugin. -->","yoast_head_json":{"title":"News - Soluwater","robots":{"index":"index","follow":"follow","max-snippet":"max-snippet:-1","max-image-preview":"max-image-preview:large","max-video-preview":"max-video-preview:-1"},"canonical":"https:\/\/soluwater.com\/de\/news-2\/","og_locale":"de_DE","og_type":"article","og_title":"News - Soluwater","og_url":"https:\/\/soluwater.com\/de\/news-2\/","og_site_name":"Soluwater","article_modified_time":"2025-05-29T14:28:14+00:00","twitter_card":"summary_large_image","twitter_misc":{"Gesch\u00e4tzte Lesezeit":"1\u00a0Minute"},"schema":{"@context":"https:\/\/schema.org","@graph":[{"@type":"WebPage","@id":"https:\/\/soluwater.com\/fr\/news-2\/","url":"https:\/\/soluwater.com\/fr\/news-2\/","name":"News - Soluwater","isPartOf":{"@id":"https:\/\/soluwater.com\/#website"},"datePublished":"2024-03-27T16:02:21+00:00","dateModified":"2025-05-29T14:28:14+00:00","breadcrumb":{"@id":"https:\/\/soluwater.com\/fr\/news-2\/#breadcrumb"},"inLanguage":"de","potentialAction":[{"@type":"ReadAction","target":["https:\/\/soluwater.com\/fr\/news-2\/"]}]},{"@type":"BreadcrumbList","@id":"https:\/\/soluwater.com\/fr\/news-2\/#breadcrumb","itemListElement":[{"@type":"ListItem","position":1,"name":"Portada","item":"https:\/\/soluwater.com\/"},{"@type":"ListItem","position":2,"name":"News"}]},{"@type":"WebSite","@id":"https:\/\/soluwater.com\/#website","url":"https:\/\/soluwater.com\/","name":"Soluwasser","description":"Vermietung von mobilen Wasseraufbereitungsanlagen","potentialAction":[{"@type":"SearchAction","target":{"@type":"EntryPoint","urlTemplate":"https:\/\/soluwater.com\/?s={search_term_string}"},"query-input":{"@type":"PropertyValueSpecification","valueRequired":true,"valueName":"search_term_string"}}],"inLanguage":"de"}]}},"_links":{"self":[{"href":"https:\/\/soluwater.com\/de\/wp-json\/wp\/v2\/pages\/2428","targetHints":{"allow":["GET"]}}],"collection":[{"href":"https:\/\/soluwater.com\/de\/wp-json\/wp\/v2\/pages"}],"about":[{"href":"https:\/\/soluwater.com\/de\/wp-json\/wp\/v2\/types\/page"}],"author":[{"embeddable":true,"href":"https:\/\/soluwater.com\/de\/wp-json\/wp\/v2\/users\/2"}],"replies":[{"embeddable":true,"href":"https:\/\/soluwater.com\/de\/wp-json\/wp\/v2\/comments?post=2428"}],"version-history":[{"count":13,"href":"https:\/\/soluwater.com\/de\/wp-json\/wp\/v2\/pages\/2428\/revisions"}],"predecessor-version":[{"id":3197,"href":"https:\/\/soluwater.com\/de\/wp-json\/wp\/v2\/pages\/2428\/revisions\/3197"}],"wp:attachment":[{"href":"https:\/\/soluwater.com\/de\/wp-json\/wp\/v2\/media?parent=2428"}],"curies":[{"name":"wp","href":"https:\/\/api.w.org\/{rel}","templated":true}]}}