{"id":3057,"date":"2025-04-03T16:43:02","date_gmt":"2025-04-03T14:43:02","guid":{"rendered":"https:\/\/soluwater.com\/?page_id=3057"},"modified":"2025-04-03T16:43:02","modified_gmt":"2025-04-03T14:43:02","slug":"baja","status":"publish","type":"page","link":"https:\/\/soluwater.com\/fr\/baja\/","title":{"rendered":"Confirmaci\u00f3n Baja"},"content":{"rendered":"<div id=\"fws_69f373beaf353\"  data-column-margin=\"default\" data-midnight=\"dark\"  class=\"wpb_row vc_row-fluid vc_row\"  style=\"padding-top: 0px; padding-bottom: 0px; \"><div class=\"row-bg-wrap\" data-bg-animation=\"none\" data-bg-animation-delay=\"\" data-bg-overlay=\"false\"><div class=\"inner-wrap row-bg-layer\" ><div class=\"row-bg viewport-desktop\"  style=\"\"><\/div><\/div><\/div><div class=\"row_col_wrap_12 col span_12 dark left\">\n\t<div  class=\"vc_col-sm-12 wpb_column column_container vc_column_container col no-extra-padding inherit_tablet inherit_phone\"  data-padding-pos=\"all\" data-has-bg-color=\"false\" data-bg-color=\"\" data-bg-opacity=\"1\" data-animation=\"\" data-delay=\"0\" >\n\t\t<div class=\"vc_column-inner\" >\n\t\t\t<div class=\"wpb_wrapper\">\n\t\t\t\t<div class=\"divider-wrap\" data-alignment=\"default\"><div style=\"height: 50px;\" class=\"divider\"><\/div><\/div>\n\t\t\t<\/div> \n\t\t<\/div>\n\t<\/div> \n<\/div><\/div>\n\t\t<div id=\"fws_69f373beb003b\"  data-column-margin=\"default\" data-midnight=\"light\" data-top-percent=\"24%\"  class=\"wpb_row vc_row-fluid vc_row full-width-content bg-animation--slight vc_row-o-equal-height vc_row-flex vc_row-o-content-top  zindex-set nectar-overflow-hidden\"  style=\"padding-top: calc(100vw * 0.24); padding-bottom: 0px;  z-index: 10;\"><div class=\"row-bg-wrap\" data-bg-animation=\"zoom-out-reveal\" data-bg-animation-delay=\"\" data-bg-overlay=\"false\"><div class=\"inner-wrap row-bg-layer\" ><div class=\"row-bg viewport-desktop\"  style=\"\"><\/div><\/div><div class=\"row-bg-overlay row-bg-layer\" style=\"background:linear-gradient(183deg, rgb(3,119,168) 5%, rgb(215,242,254) 90%);\"><\/div><\/div><div class=\"row_col_wrap_12 col span_12 light left\">\n\t<div style=\"z-index: 10; \" class=\"vc_col-sm-12 wpb_column column_container vc_column_container col no-extra-padding el_spacing_0px inherit_tablet inherit_phone\"  data-padding-pos=\"all\" data-has-bg-color=\"false\" data-bg-color=\"\" data-bg-opacity=\"1\" data-animation=\"\" data-delay=\"0\" >\n\t\t<div class=\"vc_column-inner\" >\n\t\t\t<div class=\"wpb_wrapper\">\n\t\t\t\t<div id=\"fws_69f373beb076d\" data-midnight=\"\" data-column-margin=\"default\" class=\"wpb_row vc_row-fluid vc_row inner_row  translate_x_-13pct\"  style=\" z-index: 100;\"><div class=\"row-bg-wrap\"> <div class=\"row-bg\" ><\/div> <\/div><div class=\"row_col_wrap_12_inner col span_12  left\">\n\t<div  class=\"vc_col-sm-12 wpb_column column_container vc_column_container col child_column no-extra-padding inherit_tablet inherit_phone\"   data-padding-pos=\"all\" data-has-bg-color=\"false\" data-bg-color=\"\" data-bg-opacity=\"1\" data-animation=\"\" data-delay=\"0\" data-scroll-animation=\"true\" data-scroll-animation-movement=\"transform_x\" data-scroll-animation-mobile=\"true\" data-scroll-animation-intensity=\"2.5\" >\n\t\t<div class=\"vc_column-inner\" >\n\t\t<div class=\"wpb_wrapper\">\n\t\t\t<div class=\"nectar-scrolling-text font_size_10vw font_size_mobile_11vw custom_color\" data-style=\"default\" data-s-dir=\"ltr\" data-spacing=\"false\" data-outline-thickness=\"thin\" data-s-speed=\"medium\" data-overflow=\"visible\" ><div class=\"nectar-scrolling-text-inner\" style=\"color: #ffffff;\"><div class=\"nectar-scrolling-text-inner__text-chunk\">\n<h1>vuelve cuando quieras \u00b7<span>&nbsp;<\/span><\/h1>\n<\/div><div class=\"nectar-scrolling-text-inner__text-chunk\">\n<h1>vuelve cuando quieras \u00b7<span>&nbsp;<\/span><\/h1>\n<\/div><div class=\"nectar-scrolling-text-inner__text-chunk\">\n<h1>vuelve cuando quieras \u00b7<span>&nbsp;<\/span><\/h1>\n<\/div><\/div><\/div>\n\t\t<\/div> \n\t<\/div>\n\t<\/div> \n<\/div><\/div><div id=\"fws_69f373beb11dc\" data-midnight=\"\" data-column-margin=\"default\" class=\"wpb_row vc_row-fluid vc_row inner_row\"  style=\"\"><div class=\"row-bg-wrap\"> <div class=\"row-bg\" ><\/div> <\/div><div class=\"row_col_wrap_12_inner col span_12  left\">\n\t<div style=\"margin-top: -20vw; \" class=\"vc_col-sm-12 wpb_column column_container vc_column_container col child_column centered-text neg-marg no-extra-padding top_margin_tablet_-23vw inherit_tablet inherit_phone\"   data-padding-pos=\"all\" data-has-bg-color=\"false\" data-bg-color=\"\" data-bg-opacity=\"1\" data-animation=\"\" data-delay=\"0\" >\n\t\t<div class=\"vc_column-inner\" >\n\t\t<div class=\"wpb_wrapper\">\n\t\t\t<div class=\"img-with-aniamtion-wrap center\" data-max-width=\"100%\" data-max-width-mobile=\"default\" data-shadow=\"none\" data-animation=\"none\" >\n      <div class=\"inner\">\n        <div class=\"hover-wrap\"> \n          <div class=\"hover-wrap-inner\">\n            <img loading=\"lazy\" decoding=\"async\" class=\"img-with-animation skip-lazy\" data-delay=\"0\" height=\"785\" width=\"1800\" data-animation=\"none\" src=\"https:\/\/soluwater.com\/wp-content\/uploads\/2024\/05\/Imagen-Footer-RO-BW.webp\" alt=\"\" srcset=\"https:\/\/soluwater.com\/wp-content\/uploads\/2024\/05\/Imagen-Footer-RO-BW.webp 1800w, https:\/\/soluwater.com\/wp-content\/uploads\/2024\/05\/Imagen-Footer-RO-BW-1024x447.webp 1024w, https:\/\/soluwater.com\/wp-content\/uploads\/2024\/05\/Imagen-Footer-RO-BW-768x335.webp 768w, https:\/\/soluwater.com\/wp-content\/uploads\/2024\/05\/Imagen-Footer-RO-BW-1536x670.webp 1536w\" sizes=\"auto, (max-width: 1800px) 100vw, 1800px\" \/>\n          <\/div>\n        <\/div>\n      <\/div>\n    <\/div>\n\t\t<\/div> \n\t<\/div>\n\t<\/div> \n<\/div><\/div>\n\t\t\t<\/div> \n\t\t<\/div>\n\t<\/div> \n<\/div><\/div>\n\t\t<div id=\"fws_69f373beb232f\"  data-column-margin=\"default\" data-midnight=\"dark\"  class=\"wpb_row vc_row-fluid vc_row\"  style=\"padding-top: 50px; padding-bottom: 0px; \"><div class=\"row-bg-wrap\" data-bg-animation=\"none\" data-bg-animation-delay=\"\" data-bg-overlay=\"false\"><div class=\"inner-wrap row-bg-layer\" ><div class=\"row-bg viewport-desktop\"  style=\"\"><\/div><\/div><\/div><div class=\"row_col_wrap_12 col span_12 dark left\">\n\t<div  class=\"vc_col-sm-12 wpb_column column_container vc_column_container col no-extra-padding inherit_tablet inherit_phone\"  data-padding-pos=\"all\" data-has-bg-color=\"false\" data-bg-color=\"\" data-bg-opacity=\"1\" data-animation=\"\" data-delay=\"0\" >\n\t\t<div class=\"vc_column-inner\" >\n\t\t\t<div class=\"wpb_wrapper\">\n\t\t\t\t\n<div class=\"wpb_text_column wpb_content_element\" >\n\t<div class=\"wpb_wrapper\">\n\t\t<h2 style=\"text-align: center;\">El agua siempre encuentra su cauce\u2026 y nosotros tambi\u00e9n. \ud83c\udf0a<\/h2>\n<h2 style=\"text-align: center;\"><br data-start=\"530\" data-end=\"533\" \/>Si extra\u00f1as nuestras noticias, aqu\u00ed estaremos para volver a llenar tu bandeja de contenido \u00fatil y refrescante.<\/h2>\n\t<\/div>\n<\/div>\n\n\n\n\n\t\t\t<\/div> \n\t\t<\/div>\n\t<\/div> \n<\/div><\/div>\n\t\t<div id=\"fws_69f373beb2dd2\"  data-column-margin=\"default\" data-midnight=\"dark\"  class=\"wpb_row vc_row-fluid vc_row\"  style=\"padding-top: 0px; padding-bottom: 0px; \"><div class=\"row-bg-wrap\" data-bg-animation=\"none\" data-bg-animation-delay=\"\" data-bg-overlay=\"false\"><div class=\"inner-wrap row-bg-layer\" ><div class=\"row-bg viewport-desktop\"  style=\"\"><\/div><\/div><\/div><div class=\"row_col_wrap_12 col span_12 dark left\">\n\t<div  class=\"vc_col-sm-12 wpb_column column_container vc_column_container col no-extra-padding force-desktop-text-align-center inherit_tablet inherit_phone\"  data-padding-pos=\"all\" data-has-bg-color=\"false\" data-bg-color=\"\" data-bg-opacity=\"1\" data-animation=\"\" data-delay=\"0\" >\n\t\t<div class=\"vc_column-inner\" >\n\t\t\t<div class=\"wpb_wrapper\">\n\t\t\t\t<a class=\"nectar-button jumbo regular accent-color  regular-button\"  role=\"button\" style=\"\"  href=\"https:\/\/efd1805d.sibforms.com\/serve\/MUIFAIImR0P5yLLLH58QoZcjdUSSqu-vGvQZBIR3xaq1WqczIzc6tiJH8aeLEfeYafs1T6UHvRnI8fgcN5TjMkLHiodLiFVx8F4MgPKb6u9ioR1LBAAB1GExOyk9kPgZyMYtaoSBNsXtqMfcld6BEIJWbNXZ209_P3bxYvdDqdWIyTcBMN49usvE_j5_yqIm6L7PiFPbiHTVOj3f\" data-color-override=\"false\" data-hover-color-override=\"false\" data-hover-text-color-override=\"#fff\"><span>Re-suscribirme<\/span><\/a>\n\t\t\t<\/div> \n\t\t<\/div>\n\t<\/div> \n<\/div><\/div>","protected":false},"excerpt":{"rendered":"vuelve cuando quieras \u00b7&nbsp; vuelve cuando quieras \u00b7&nbsp; vuelve cuando quieras \u00b7&nbsp; El agua siempre encuentra su cauce\u2026 y nosotros tambi\u00e9n. \ud83c\udf0a Si extra\u00f1as nuestras noticias, aqu\u00ed estaremos para volver...","protected":false},"author":4,"featured_media":1981,"parent":0,"menu_order":10,"comment_status":"closed","ping_status":"closed","template":"template-no-footer.php","meta":{"inline_featured_image":false,"footnotes":""},"class_list":["post-3057","page","type-page","status-publish","has-post-thumbnail"],"yoast_head":"<!-- This site is optimized with the Yoast SEO plugin v27.4 - https:\/\/yoast.com\/product\/yoast-seo-wordpress\/ -->\n<title>Confirmaci\u00f3n Baja - Soluwater<\/title>\n<meta name=\"robots\" content=\"index, follow, max-snippet:-1, max-image-preview:large, max-video-preview:-1\" \/>\n<link rel=\"canonical\" href=\"https:\/\/soluwater.com\/fr\/baja\/\" \/>\n<meta property=\"og:locale\" content=\"fr_FR\" \/>\n<meta property=\"og:type\" content=\"article\" \/>\n<meta property=\"og:title\" content=\"Confirmaci\u00f3n Baja - Soluwater\" \/>\n<meta property=\"og:url\" content=\"https:\/\/soluwater.com\/fr\/baja\/\" \/>\n<meta property=\"og:site_name\" content=\"Soluwater\" \/>\n<meta property=\"og:image\" content=\"https:\/\/soluwater.com\/wp-content\/uploads\/2024\/05\/Imagen-OG-Gracias.webp\" \/>\n\t<meta property=\"og:image:width\" content=\"1200\" \/>\n\t<meta property=\"og:image:height\" content=\"630\" \/>\n\t<meta property=\"og:image:type\" content=\"image\/webp\" \/>\n<meta name=\"twitter:card\" content=\"summary_large_image\" \/>\n<meta name=\"twitter:label1\" content=\"Dur\u00e9e de lecture estim\u00e9e\" \/>\n\t<meta name=\"twitter:data1\" content=\"6 minutes\" \/>\n<script type=\"application\/ld+json\" class=\"yoast-schema-graph\">{\"@context\":\"https:\\\/\\\/schema.org\",\"@graph\":[{\"@type\":\"WebPage\",\"@id\":\"https:\\\/\\\/soluwater.com\\\/baja\\\/\",\"url\":\"https:\\\/\\\/soluwater.com\\\/baja\\\/\",\"name\":\"Confirmaci\u00f3n Baja - Soluwater\",\"isPartOf\":{\"@id\":\"https:\\\/\\\/soluwater.com\\\/#website\"},\"primaryImageOfPage\":{\"@id\":\"https:\\\/\\\/soluwater.com\\\/baja\\\/#primaryimage\"},\"image\":{\"@id\":\"https:\\\/\\\/soluwater.com\\\/baja\\\/#primaryimage\"},\"thumbnailUrl\":\"https:\\\/\\\/soluwater.com\\\/wp-content\\\/uploads\\\/2024\\\/05\\\/Imagen-OG-Gracias.webp\",\"datePublished\":\"2025-04-03T14:43:02+00:00\",\"breadcrumb\":{\"@id\":\"https:\\\/\\\/soluwater.com\\\/baja\\\/#breadcrumb\"},\"inLanguage\":\"fr-FR\",\"potentialAction\":[{\"@type\":\"ReadAction\",\"target\":[\"https:\\\/\\\/soluwater.com\\\/baja\\\/\"]}]},{\"@type\":\"ImageObject\",\"inLanguage\":\"fr-FR\",\"@id\":\"https:\\\/\\\/soluwater.com\\\/baja\\\/#primaryimage\",\"url\":\"https:\\\/\\\/soluwater.com\\\/wp-content\\\/uploads\\\/2024\\\/05\\\/Imagen-OG-Gracias.webp\",\"contentUrl\":\"https:\\\/\\\/soluwater.com\\\/wp-content\\\/uploads\\\/2024\\\/05\\\/Imagen-OG-Gracias.webp\",\"width\":1200,\"height\":630,\"caption\":\"Soluwater | Alquiler de plantas m\u00f3viles de tratamiento de agua\"},{\"@type\":\"BreadcrumbList\",\"@id\":\"https:\\\/\\\/soluwater.com\\\/baja\\\/#breadcrumb\",\"itemListElement\":[{\"@type\":\"ListItem\",\"position\":1,\"name\":\"Portada\",\"item\":\"https:\\\/\\\/soluwater.com\\\/\"},{\"@type\":\"ListItem\",\"position\":2,\"name\":\"Confirmaci\u00f3n Baja\"}]},{\"@type\":\"WebSite\",\"@id\":\"https:\\\/\\\/soluwater.com\\\/#website\",\"url\":\"https:\\\/\\\/soluwater.com\\\/\",\"name\":\"Soluwater\",\"description\":\"Alquiler de plantas m\u00f3viles de tratamiento de agua\",\"potentialAction\":[{\"@type\":\"SearchAction\",\"target\":{\"@type\":\"EntryPoint\",\"urlTemplate\":\"https:\\\/\\\/soluwater.com\\\/?s={search_term_string}\"},\"query-input\":{\"@type\":\"PropertyValueSpecification\",\"valueRequired\":true,\"valueName\":\"search_term_string\"}}],\"inLanguage\":\"fr-FR\"}]}<\/script>\n<!-- \/ Yoast SEO plugin. -->","yoast_head_json":{"title":"Confirmaci\u00f3n Baja - Soluwater","robots":{"index":"index","follow":"follow","max-snippet":"max-snippet:-1","max-image-preview":"max-image-preview:large","max-video-preview":"max-video-preview:-1"},"canonical":"https:\/\/soluwater.com\/fr\/baja\/","og_locale":"fr_FR","og_type":"article","og_title":"Confirmaci\u00f3n Baja - Soluwater","og_url":"https:\/\/soluwater.com\/fr\/baja\/","og_site_name":"Soluwater","og_image":[{"width":1200,"height":630,"url":"https:\/\/soluwater.com\/wp-content\/uploads\/2024\/05\/Imagen-OG-Gracias.webp","type":"image\/webp"}],"twitter_card":"summary_large_image","twitter_misc":{"Dur\u00e9e de lecture estim\u00e9e":"6 minutes"},"schema":{"@context":"https:\/\/schema.org","@graph":[{"@type":"WebPage","@id":"https:\/\/soluwater.com\/baja\/","url":"https:\/\/soluwater.com\/baja\/","name":"Confirmaci\u00f3n Baja - Soluwater","isPartOf":{"@id":"https:\/\/soluwater.com\/#website"},"primaryImageOfPage":{"@id":"https:\/\/soluwater.com\/baja\/#primaryimage"},"image":{"@id":"https:\/\/soluwater.com\/baja\/#primaryimage"},"thumbnailUrl":"https:\/\/soluwater.com\/wp-content\/uploads\/2024\/05\/Imagen-OG-Gracias.webp","datePublished":"2025-04-03T14:43:02+00:00","breadcrumb":{"@id":"https:\/\/soluwater.com\/baja\/#breadcrumb"},"inLanguage":"fr-FR","potentialAction":[{"@type":"ReadAction","target":["https:\/\/soluwater.com\/baja\/"]}]},{"@type":"ImageObject","inLanguage":"fr-FR","@id":"https:\/\/soluwater.com\/baja\/#primaryimage","url":"https:\/\/soluwater.com\/wp-content\/uploads\/2024\/05\/Imagen-OG-Gracias.webp","contentUrl":"https:\/\/soluwater.com\/wp-content\/uploads\/2024\/05\/Imagen-OG-Gracias.webp","width":1200,"height":630,"caption":"Soluwater | Alquiler de plantas m\u00f3viles de tratamiento de agua"},{"@type":"BreadcrumbList","@id":"https:\/\/soluwater.com\/baja\/#breadcrumb","itemListElement":[{"@type":"ListItem","position":1,"name":"Portada","item":"https:\/\/soluwater.com\/"},{"@type":"ListItem","position":2,"name":"Confirmaci\u00f3n Baja"}]},{"@type":"WebSite","@id":"https:\/\/soluwater.com\/#website","url":"https:\/\/soluwater.com\/","name":"Soluwater","description":"Location de stations d'\u00e9puration mobiles","potentialAction":[{"@type":"SearchAction","target":{"@type":"EntryPoint","urlTemplate":"https:\/\/soluwater.com\/?s={search_term_string}"},"query-input":{"@type":"PropertyValueSpecification","valueRequired":true,"valueName":"search_term_string"}}],"inLanguage":"fr-FR"}]}},"_links":{"self":[{"href":"https:\/\/soluwater.com\/fr\/wp-json\/wp\/v2\/pages\/3057","targetHints":{"allow":["GET"]}}],"collection":[{"href":"https:\/\/soluwater.com\/fr\/wp-json\/wp\/v2\/pages"}],"about":[{"href":"https:\/\/soluwater.com\/fr\/wp-json\/wp\/v2\/types\/page"}],"author":[{"embeddable":true,"href":"https:\/\/soluwater.com\/fr\/wp-json\/wp\/v2\/users\/4"}],"replies":[{"embeddable":true,"href":"https:\/\/soluwater.com\/fr\/wp-json\/wp\/v2\/comments?post=3057"}],"version-history":[{"count":4,"href":"https:\/\/soluwater.com\/fr\/wp-json\/wp\/v2\/pages\/3057\/revisions"}],"predecessor-version":[{"id":3061,"href":"https:\/\/soluwater.com\/fr\/wp-json\/wp\/v2\/pages\/3057\/revisions\/3061"}],"wp:featuredmedia":[{"embeddable":true,"href":"https:\/\/soluwater.com\/fr\/wp-json\/wp\/v2\/media\/1981"}],"wp:attachment":[{"href":"https:\/\/soluwater.com\/fr\/wp-json\/wp\/v2\/media?parent=3057"}],"curies":[{"name":"wp","href":"https:\/\/api.w.org\/{rel}","templated":true}]}}