{"id":1955,"date":"2024-05-16T13:20:37","date_gmt":"2024-05-16T11:20:37","guid":{"rendered":"https:\/\/soluwater.com\/?page_id=1955"},"modified":"2025-06-11T08:42:20","modified_gmt":"2025-06-11T06:42:20","slug":"gracias","status":"publish","type":"page","link":"https:\/\/soluwater.com\/pt\/gracias\/","title":{"rendered":"Muchas Gracias"},"content":{"rendered":"<div id=\"fws_69f49b7ff2e3f\"  data-column-margin=\"default\" data-midnight=\"light\" data-top-percent=\"24%\"  class=\"wpb_row vc_row-fluid vc_row full-width-content bg-animation--slight vc_row-o-equal-height vc_row-flex vc_row-o-content-top  zindex-set nectar-overflow-hidden\"  style=\"padding-top: calc(100vw * 0.24); padding-bottom: 0px;  z-index: 10;\"><div class=\"row-bg-wrap\" data-bg-animation=\"zoom-out-reveal\" data-bg-animation-delay=\"\" data-bg-overlay=\"false\"><div class=\"inner-wrap row-bg-layer\" ><div class=\"row-bg viewport-desktop\"  style=\"\"><\/div><\/div><div class=\"row-bg-overlay row-bg-layer\" style=\"background:linear-gradient(183deg, rgb(3,119,168) 5%, rgb(215,242,254) 90%);\"><\/div><\/div><div class=\"row_col_wrap_12 col span_12 light left\">\n\t<div style=\"z-index: 10; \" class=\"vc_col-sm-12 wpb_column column_container vc_column_container col no-extra-padding el_spacing_0px inherit_tablet inherit_phone\"  data-padding-pos=\"all\" data-has-bg-color=\"false\" data-bg-color=\"\" data-bg-opacity=\"1\" data-animation=\"\" data-delay=\"0\" >\n\t\t<div class=\"vc_column-inner\" >\n\t\t\t<div class=\"wpb_wrapper\">\n\t\t\t\t<div id=\"fws_69f49b7ff36fb\" data-midnight=\"\" data-column-margin=\"default\" class=\"wpb_row vc_row-fluid vc_row inner_row  translate_x_-13pct\"  style=\" z-index: 100;\"><div class=\"row-bg-wrap\"> <div class=\"row-bg\" ><\/div> <\/div><div class=\"row_col_wrap_12_inner col span_12  left\">\n\t<div  class=\"vc_col-sm-12 wpb_column column_container vc_column_container col child_column no-extra-padding inherit_tablet inherit_phone\"   data-padding-pos=\"all\" data-has-bg-color=\"false\" data-bg-color=\"\" data-bg-opacity=\"1\" data-animation=\"\" data-delay=\"0\" data-scroll-animation=\"true\" data-scroll-animation-movement=\"transform_x\" data-scroll-animation-mobile=\"true\" data-scroll-animation-intensity=\"2.5\" >\n\t\t<div class=\"vc_column-inner\" >\n\t\t<div class=\"wpb_wrapper\">\n\t\t\t<div class=\"nectar-scrolling-text font_size_10vw font_size_mobile_11vw custom_color\" data-style=\"default\" data-s-dir=\"ltr\" data-spacing=\"false\" data-outline-thickness=\"thin\" data-s-speed=\"slower\" data-overflow=\"visible\" ><div class=\"nectar-scrolling-text-inner\" style=\"color: #ffffff;\"><div class=\"nectar-scrolling-text-inner__text-chunk\">\n<h1>muchas gracias \u00b7 thank you \u00b7 merci<span>&nbsp;<\/span><\/h1>\n<\/div><div class=\"nectar-scrolling-text-inner__text-chunk\">\n<h1>muchas gracias \u00b7 thank you \u00b7 merci<span>&nbsp;<\/span><\/h1>\n<\/div><div class=\"nectar-scrolling-text-inner__text-chunk\">\n<h1>muchas gracias \u00b7 thank you \u00b7 merci<span>&nbsp;<\/span><\/h1>\n<\/div><\/div><\/div>\n\t\t<\/div> \n\t<\/div>\n\t<\/div> \n<\/div><\/div><div id=\"fws_69f49b7ff3e3a\" data-midnight=\"\" data-column-margin=\"default\" class=\"wpb_row vc_row-fluid vc_row inner_row\"  style=\"\"><div class=\"row-bg-wrap\"> <div class=\"row-bg\" ><\/div> <\/div><div class=\"row_col_wrap_12_inner col span_12  left\">\n\t<div  class=\"vc_col-sm-12 wpb_column column_container vc_column_container col child_column no-extra-padding inherit_tablet inherit_phone\"   data-padding-pos=\"all\" data-has-bg-color=\"false\" data-bg-color=\"\" data-bg-opacity=\"1\" data-animation=\"\" data-delay=\"0\" data-scroll-animation=\"true\" data-scroll-animation-movement=\"transform_x\" data-scroll-animation-mobile=\"true\" data-scroll-animation-intensity=\"-2.5\" >\n\t\t<div class=\"vc_column-inner\" >\n\t\t<div class=\"wpb_wrapper\">\n\t\t\t<div class=\"nectar-scrolling-text font_size_10vw font_size_mobile_11vw custom_color\" data-style=\"default\" data-s-dir=\"rtl\" data-spacing=\"false\" data-outline-thickness=\"thin\" data-s-speed=\"slower\" data-overflow=\"visible\" ><div class=\"nectar-scrolling-text-inner\" style=\"color: #ffffff;\"><div class=\"nectar-scrolling-text-inner__text-chunk\">\n<h1>danke \u00b7 grazie \u00b7 tack \u00b7 ait\u00e4h \u00b7<span>&nbsp;<\/span><\/h1>\n<\/div><div class=\"nectar-scrolling-text-inner__text-chunk\">\n<h1>danke \u00b7 grazie \u00b7 tack \u00b7 ait\u00e4h \u00b7<span>&nbsp;<\/span><\/h1>\n<\/div><div class=\"nectar-scrolling-text-inner__text-chunk\">\n<h1>danke \u00b7 grazie \u00b7 tack \u00b7 ait\u00e4h \u00b7<span>&nbsp;<\/span><\/h1>\n<\/div><\/div><\/div>\n\t\t<\/div> \n\t<\/div>\n\t<\/div> \n<\/div><\/div><div id=\"fws_69f49b8000151\" data-midnight=\"\" data-column-margin=\"default\" class=\"wpb_row vc_row-fluid vc_row inner_row\"  style=\"\"><div class=\"row-bg-wrap\"> <div class=\"row-bg\" ><\/div> <\/div><div class=\"row_col_wrap_12_inner col span_12  left\">\n\t<div style=\"margin-top: -20vw; \" class=\"vc_col-sm-12 wpb_column column_container vc_column_container col child_column centered-text neg-marg no-extra-padding top_margin_tablet_-23vw inherit_tablet inherit_phone\"   data-padding-pos=\"all\" data-has-bg-color=\"false\" data-bg-color=\"\" data-bg-opacity=\"1\" data-animation=\"\" data-delay=\"0\" >\n\t\t<div class=\"vc_column-inner\" >\n\t\t<div class=\"wpb_wrapper\">\n\t\t\t<div class=\"img-with-aniamtion-wrap center\" data-max-width=\"100%\" data-max-width-mobile=\"default\" data-shadow=\"none\" data-animation=\"none\" >\n      <div class=\"inner\">\n        <div class=\"hover-wrap\"> \n          <div class=\"hover-wrap-inner\">\n            <img loading=\"lazy\" decoding=\"async\" class=\"img-with-animation skip-lazy\" data-delay=\"0\" height=\"785\" width=\"1800\" data-animation=\"none\" src=\"https:\/\/soluwater.com\/wp-content\/uploads\/2024\/05\/Imagen-Footer-RO-BW.webp\" alt=\"\" srcset=\"https:\/\/soluwater.com\/wp-content\/uploads\/2024\/05\/Imagen-Footer-RO-BW.webp 1800w, https:\/\/soluwater.com\/wp-content\/uploads\/2024\/05\/Imagen-Footer-RO-BW-1024x447.webp 1024w, https:\/\/soluwater.com\/wp-content\/uploads\/2024\/05\/Imagen-Footer-RO-BW-768x335.webp 768w, https:\/\/soluwater.com\/wp-content\/uploads\/2024\/05\/Imagen-Footer-RO-BW-1536x670.webp 1536w\" sizes=\"auto, (max-width: 1800px) 100vw, 1800px\" \/>\n          <\/div>\n        <\/div>\n      <\/div>\n    <\/div>\n\t\t<\/div> \n\t<\/div>\n\t<\/div> \n<\/div><\/div>\n\t\t\t<\/div> \n\t\t<\/div>\n\t<\/div> \n<\/div><\/div>","protected":false},"excerpt":{"rendered":"muchas gracias \u00b7 thank you \u00b7 merci&nbsp; muchas gracias \u00b7 thank you \u00b7 merci&nbsp; muchas gracias \u00b7 thank you \u00b7 merci&nbsp; danke \u00b7 grazie \u00b7 tack \u00b7 ait\u00e4h \u00b7&nbsp; danke...","protected":false},"author":2,"featured_media":1981,"parent":0,"menu_order":10,"comment_status":"closed","ping_status":"closed","template":"template-no-footer.php","meta":{"inline_featured_image":false,"footnotes":""},"class_list":["post-1955","page","type-page","status-publish","has-post-thumbnail"],"yoast_head":"<!-- This site is optimized with the Yoast SEO plugin v27.4 - https:\/\/yoast.com\/product\/yoast-seo-wordpress\/ -->\n<title>Muchas Gracias - Soluwater<\/title>\n<meta name=\"robots\" content=\"index, follow, max-snippet:-1, max-image-preview:large, max-video-preview:-1\" \/>\n<link rel=\"canonical\" href=\"https:\/\/soluwater.com\/pt\/gracias\/\" \/>\n<meta property=\"og:locale\" content=\"pt_PT\" \/>\n<meta property=\"og:type\" content=\"article\" \/>\n<meta property=\"og:title\" content=\"Muchas Gracias - Soluwater\" \/>\n<meta property=\"og:url\" content=\"https:\/\/soluwater.com\/pt\/gracias\/\" \/>\n<meta property=\"og:site_name\" content=\"Soluwater\" \/>\n<meta property=\"article:modified_time\" content=\"2025-06-11T06:42:20+00:00\" \/>\n<meta property=\"og:image\" content=\"https:\/\/soluwater.com\/wp-content\/uploads\/2024\/05\/Imagen-OG-Gracias.webp\" \/>\n\t<meta property=\"og:image:width\" content=\"1200\" \/>\n\t<meta property=\"og:image:height\" content=\"630\" \/>\n\t<meta property=\"og:image:type\" content=\"image\/webp\" \/>\n<meta name=\"twitter:card\" content=\"summary_large_image\" \/>\n<meta name=\"twitter:label1\" content=\"Tempo estimado de leitura\" \/>\n\t<meta name=\"twitter:data1\" content=\"4 minutos\" \/>\n<script type=\"application\/ld+json\" class=\"yoast-schema-graph\">{\"@context\":\"https:\\\/\\\/schema.org\",\"@graph\":[{\"@type\":\"WebPage\",\"@id\":\"https:\\\/\\\/soluwater.com\\\/gracias\\\/\",\"url\":\"https:\\\/\\\/soluwater.com\\\/gracias\\\/\",\"name\":\"Muchas Gracias - Soluwater\",\"isPartOf\":{\"@id\":\"https:\\\/\\\/soluwater.com\\\/#website\"},\"primaryImageOfPage\":{\"@id\":\"https:\\\/\\\/soluwater.com\\\/gracias\\\/#primaryimage\"},\"image\":{\"@id\":\"https:\\\/\\\/soluwater.com\\\/gracias\\\/#primaryimage\"},\"thumbnailUrl\":\"https:\\\/\\\/soluwater.com\\\/wp-content\\\/uploads\\\/2024\\\/05\\\/Imagen-OG-Gracias.webp\",\"datePublished\":\"2024-05-16T11:20:37+00:00\",\"dateModified\":\"2025-06-11T06:42:20+00:00\",\"breadcrumb\":{\"@id\":\"https:\\\/\\\/soluwater.com\\\/gracias\\\/#breadcrumb\"},\"inLanguage\":\"pt-PT\",\"potentialAction\":[{\"@type\":\"ReadAction\",\"target\":[\"https:\\\/\\\/soluwater.com\\\/gracias\\\/\"]}]},{\"@type\":\"ImageObject\",\"inLanguage\":\"pt-PT\",\"@id\":\"https:\\\/\\\/soluwater.com\\\/gracias\\\/#primaryimage\",\"url\":\"https:\\\/\\\/soluwater.com\\\/wp-content\\\/uploads\\\/2024\\\/05\\\/Imagen-OG-Gracias.webp\",\"contentUrl\":\"https:\\\/\\\/soluwater.com\\\/wp-content\\\/uploads\\\/2024\\\/05\\\/Imagen-OG-Gracias.webp\",\"width\":1200,\"height\":630,\"caption\":\"Soluwater | Alquiler de plantas m\u00f3viles de tratamiento de agua\"},{\"@type\":\"BreadcrumbList\",\"@id\":\"https:\\\/\\\/soluwater.com\\\/gracias\\\/#breadcrumb\",\"itemListElement\":[{\"@type\":\"ListItem\",\"position\":1,\"name\":\"Portada\",\"item\":\"https:\\\/\\\/soluwater.com\\\/\"},{\"@type\":\"ListItem\",\"position\":2,\"name\":\"Muchas Gracias\"}]},{\"@type\":\"WebSite\",\"@id\":\"https:\\\/\\\/soluwater.com\\\/#website\",\"url\":\"https:\\\/\\\/soluwater.com\\\/\",\"name\":\"Soluwater\",\"description\":\"Alquiler de plantas m\u00f3viles de tratamiento de agua\",\"potentialAction\":[{\"@type\":\"SearchAction\",\"target\":{\"@type\":\"EntryPoint\",\"urlTemplate\":\"https:\\\/\\\/soluwater.com\\\/?s={search_term_string}\"},\"query-input\":{\"@type\":\"PropertyValueSpecification\",\"valueRequired\":true,\"valueName\":\"search_term_string\"}}],\"inLanguage\":\"pt-PT\"}]}<\/script>\n<!-- \/ Yoast SEO plugin. -->","yoast_head_json":{"title":"Muchas Gracias - Soluwater","robots":{"index":"index","follow":"follow","max-snippet":"max-snippet:-1","max-image-preview":"max-image-preview:large","max-video-preview":"max-video-preview:-1"},"canonical":"https:\/\/soluwater.com\/pt\/gracias\/","og_locale":"pt_PT","og_type":"article","og_title":"Muchas Gracias - Soluwater","og_url":"https:\/\/soluwater.com\/pt\/gracias\/","og_site_name":"Soluwater","article_modified_time":"2025-06-11T06:42:20+00:00","og_image":[{"width":1200,"height":630,"url":"https:\/\/soluwater.com\/wp-content\/uploads\/2024\/05\/Imagen-OG-Gracias.webp","type":"image\/webp"}],"twitter_card":"summary_large_image","twitter_misc":{"Tempo estimado de leitura":"4 minutos"},"schema":{"@context":"https:\/\/schema.org","@graph":[{"@type":"WebPage","@id":"https:\/\/soluwater.com\/gracias\/","url":"https:\/\/soluwater.com\/gracias\/","name":"Muchas Gracias - Soluwater","isPartOf":{"@id":"https:\/\/soluwater.com\/#website"},"primaryImageOfPage":{"@id":"https:\/\/soluwater.com\/gracias\/#primaryimage"},"image":{"@id":"https:\/\/soluwater.com\/gracias\/#primaryimage"},"thumbnailUrl":"https:\/\/soluwater.com\/wp-content\/uploads\/2024\/05\/Imagen-OG-Gracias.webp","datePublished":"2024-05-16T11:20:37+00:00","dateModified":"2025-06-11T06:42:20+00:00","breadcrumb":{"@id":"https:\/\/soluwater.com\/gracias\/#breadcrumb"},"inLanguage":"pt-PT","potentialAction":[{"@type":"ReadAction","target":["https:\/\/soluwater.com\/gracias\/"]}]},{"@type":"ImageObject","inLanguage":"pt-PT","@id":"https:\/\/soluwater.com\/gracias\/#primaryimage","url":"https:\/\/soluwater.com\/wp-content\/uploads\/2024\/05\/Imagen-OG-Gracias.webp","contentUrl":"https:\/\/soluwater.com\/wp-content\/uploads\/2024\/05\/Imagen-OG-Gracias.webp","width":1200,"height":630,"caption":"Soluwater | Alquiler de plantas m\u00f3viles de tratamiento de agua"},{"@type":"BreadcrumbList","@id":"https:\/\/soluwater.com\/gracias\/#breadcrumb","itemListElement":[{"@type":"ListItem","position":1,"name":"Portada","item":"https:\/\/soluwater.com\/"},{"@type":"ListItem","position":2,"name":"Muchas Gracias"}]},{"@type":"WebSite","@id":"https:\/\/soluwater.com\/#website","url":"https:\/\/soluwater.com\/","name":"Soluwater","description":"Aluguer de esta\u00e7\u00f5es m\u00f3veis de tratamento de \u00e1guas","potentialAction":[{"@type":"SearchAction","target":{"@type":"EntryPoint","urlTemplate":"https:\/\/soluwater.com\/?s={search_term_string}"},"query-input":{"@type":"PropertyValueSpecification","valueRequired":true,"valueName":"search_term_string"}}],"inLanguage":"pt-PT"}]}},"_links":{"self":[{"href":"https:\/\/soluwater.com\/pt\/wp-json\/wp\/v2\/pages\/1955","targetHints":{"allow":["GET"]}}],"collection":[{"href":"https:\/\/soluwater.com\/pt\/wp-json\/wp\/v2\/pages"}],"about":[{"href":"https:\/\/soluwater.com\/pt\/wp-json\/wp\/v2\/types\/page"}],"author":[{"embeddable":true,"href":"https:\/\/soluwater.com\/pt\/wp-json\/wp\/v2\/users\/2"}],"replies":[{"embeddable":true,"href":"https:\/\/soluwater.com\/pt\/wp-json\/wp\/v2\/comments?post=1955"}],"version-history":[{"count":13,"href":"https:\/\/soluwater.com\/pt\/wp-json\/wp\/v2\/pages\/1955\/revisions"}],"predecessor-version":[{"id":3214,"href":"https:\/\/soluwater.com\/pt\/wp-json\/wp\/v2\/pages\/1955\/revisions\/3214"}],"wp:featuredmedia":[{"embeddable":true,"href":"https:\/\/soluwater.com\/pt\/wp-json\/wp\/v2\/media\/1981"}],"wp:attachment":[{"href":"https:\/\/soluwater.com\/pt\/wp-json\/wp\/v2\/media?parent=1955"}],"curies":[{"name":"wp","href":"https:\/\/api.w.org\/{rel}","templated":true}]}}