{"id":410,"date":"2024-03-27T17:06:29","date_gmt":"2024-03-27T16:06:29","guid":{"rendered":"https:\/\/soluwater.com\/?page_id=410"},"modified":"2025-04-23T17:23:38","modified_gmt":"2025-04-23T15:23:38","slug":"contacto","status":"publish","type":"page","link":"https:\/\/soluwater.com\/pt\/contacto\/","title":{"rendered":"Contacte-nos em"},"content":{"rendered":"\n\t\t<div id=\"fws_69e06a342ac12\"  data-column-margin=\"default\" data-midnight=\"light\" data-top-percent=\"14%\" data-bottom-percent=\"5%\"  class=\"wpb_row vc_row-fluid vc_row full-width-section  zindex-set\"  style=\"padding-top: calc(100vw * 0.14); padding-bottom: calc(100vw * 0.05);  z-index: 100;\"><div class=\"row-bg-wrap\" data-bg-animation=\"none\" data-bg-animation-delay=\"\" data-bg-overlay=\"false\"><div class=\"inner-wrap row-bg-layer using-image\" ><div class=\"row-bg viewport-desktop using-image\"  style=\"background-image: url(https:\/\/soluwater.com\/wp-content\/uploads\/2024\/04\/Soluwater-Contacto.webp); background-position: center top; background-repeat: no-repeat; \"><\/div><\/div><div class=\"row-bg-overlay row-bg-layer\" style=\"background:linear-gradient(0deg, rgba(20,20,20,0.7) 10%, rgba(20,20,20,0.3) 90%);\"><\/div><\/div><div class=\"row_col_wrap_12 col span_12 light left\">\n\t<div  class=\"vc_col-sm-12 wpb_column column_container vc_column_container col no-extra-padding inherit_tablet inherit_phone \"  data-padding-pos=\"all\" data-has-bg-color=\"false\" data-bg-color=\"\" data-bg-opacity=\"1\" data-animation=\"\" data-delay=\"0\" >\n\t\t<div class=\"vc_column-inner\" >\n\t\t\t<div class=\"wpb_wrapper\">\n\t\t\t\t<div id=\"fws_69e06a342b37a\" data-midnight=\"\" data-column-margin=\"default\" class=\"wpb_row vc_row-fluid vc_row inner_row\"  style=\"\"><div class=\"row-bg-wrap\"> <div class=\"row-bg\" ><\/div> <\/div><div class=\"row_col_wrap_12_inner col span_12  left\">\n\t<div  class=\"vc_col-sm-12 wpb_column column_container vc_column_container col child_column\"   data-padding-pos=\"all\" data-has-bg-color=\"false\" data-bg-color=\"\" data-bg-opacity=\"1\" data-animation=\"\" data-delay=\"0\" >\n\t\t<div class=\"vc_column-inner\" >\n\t\t<div class=\"wpb_wrapper\">\n\t\t\t<h1 style=\"color: #f2f2f2;text-align: left;font-family:Montserrat;font-weight:700;font-style:normal\" class=\"vc_custom_heading\" >Transformamos el agua que tienes,<br \/>\nen el agua que necesitas,<br \/>\ncuando la necesitas.<\/h1><div class=\"nectar-cta  alignment_tablet_default alignment_phone_default display_tablet_inherit display_phone_inherit top_position_desktop_0px right_position_desktop_0px left_position_desktop_0px bottom_position_desktop_0px \" data-color=\"accent-color\" data-using-bg=\"true\" data-style=\"arrow-animation\" data-display=\"block\" data-alignment=\"left\" data-text-color=\"custom\" style=\"margin-top: 4%; margin-bottom: 4%; \"><h4 style=\"color: #f2f2f2;\"><span class=\"link_wrap\" style=\"padding-top: 20px; padding-right: 40px; padding-bottom: 20px; padding-left: 40px;\"><a  class=\"link_text\" role=\"button\" href=\"https:\/\/wa.me\/608547341\"><span class=\"text\">Escr\u00edbenos al WhatsApp<\/span><svg class=\"next-arrow\" aria-hidden=\"true\" width=\"20px\" height=\"25px\" viewBox=\"0 0 50 80\" xml:space=\"preserve\">\n  <polyline stroke=\"#ffffff\" stroke-width=\"9\" fill=\"none\" stroke-linecap=\"round\" stroke-linejoin=\"round\" points=\"0, 0 45, 40 0, 80\"\/>\n  <\/svg>  <span class=\"line\"  style=\"background-color: #f2f2f2;\"><\/span> <\/a><\/span><\/h4><\/div>\n\t\t<\/div> \n\t<\/div>\n\t<\/div> \n<\/div><\/div><div id=\"fws_69e06a342c02b\" data-midnight=\"\" data-column-margin=\"default\" class=\"wpb_row vc_row-fluid vc_row inner_row\"  style=\"padding-bottom: 5%; \"><div class=\"row-bg-wrap\"> <div class=\"row-bg\" ><\/div> <\/div><div class=\"row_col_wrap_12_inner col span_12  left\">\n\t<div  class=\"vc_col-sm-12 wpb_column column_container vc_column_container col child_column\"   data-padding-pos=\"all\" data-has-bg-color=\"false\" data-bg-color=\"\" data-bg-opacity=\"1\" data-animation=\"\" data-delay=\"0\" >\n\t\t<div class=\"vc_column-inner\" >\n\t\t<div class=\"wpb_wrapper\">\n\t\t\t<div class=\"iwithtext\"><div class=\"iwt-icon\"> <i class=\"icon-default-style steadysets-icon-map-marker extra-color-3\"><\/i> <\/div><div class=\"iwt-text\"> <span style=\"color: #ffffff;\"><a class=\"link-map\" style=\"color: #ffffff;\" href=\"https:\/\/maps.app.goo.gl\/Zs1m3oetJkHpaFRm8\" target=\"_blank\" rel=\"noopener\">Calle Palier 58, 28914, Legan\u00e9s, Madrid &#8211; Espa\u00f1a<\/a><\/span> <\/div><div class=\"clear\"><\/div><\/div><div class=\"iwithtext\"><div class=\"iwt-icon\"> <i class=\"icon-default-style fa fa-envelope-o accent-color\"><\/i> <\/div><div class=\"iwt-text\"> <span style=\"color: #ffffff;\"><a style=\"color: #ffffff;\" href=\"mailto:comercial@soluwater.com\">comercial@soluwater.com<\/a><\/span> <\/div><div class=\"clear\"><\/div><\/div>\n\t\t<\/div> \n\t<\/div>\n\t<\/div> \n<\/div><\/div><div id=\"fws_69e06a342c50d\" data-midnight=\"\" data-column-margin=\"default\" class=\"wpb_row vc_row-fluid vc_row inner_row\"  style=\"padding-top: -5%; \"><div class=\"row-bg-wrap\"> <div class=\"row-bg\" ><\/div> <\/div><div class=\"row_col_wrap_12_inner col span_12  left\">\n\t<div style=\"margin-bottom: -10%; \" class=\"vc_col-sm-12 wpb_column column_container vc_column_container col child_column has-animation padding-6-percent inherit_tablet inherit_phone \"  data-using-bg=\"true\" data-shadow=\"x_large_depth\" data-border-radius=\"10px\" data-padding-pos=\"all\" data-has-bg-color=\"true\" data-bg-color=\"#ffffff\" data-bg-opacity=\"1\" data-animation=\"grow-in\" data-delay=\"0\" >\n\t\t<div class=\"vc_column-inner\" ><div class=\"column-bg-overlay-wrap column-bg-layer\" data-bg-animation=\"none\"><div class=\"column-bg-overlay\" style=\"opacity: 1; background-color: #ffffff;\"><\/div><\/div>\n\t\t<div class=\"wpb_wrapper\">\n\t\t\t\n<div class=\"wpb_text_column wpb_content_element \" >\n\t<div class=\"wpb_wrapper\">\n\t\t<div class='fluentform ff-default fluentform_wrapper_1 ffs_custom_wrap'><form data-form_id=\"1\" id=\"fluentform_1\" class=\"frm-fluent-form fluent_form_1 ff-el-form-top ff_form_instance_1_1 ff-form-loading ffs_custom\" data-form_instance=\"ff_form_instance_1_1\" method=\"POST\" ><fieldset  style=\"border: none!important;margin: 0!important;padding: 0!important;background-color: transparent!important;box-shadow: none!important;outline: none!important; min-inline-size: 100%;\">\n                    <legend class=\"ff_screen_reader_title\" style=\"display: block; margin: 0!important;padding: 0!important;height: 0!important;text-indent: -999999px;width: 0!important;overflow:hidden;\">Formulario Contacto<\/legend><input type='hidden' name='__fluent_form_embded_post_id' value='410' \/><input type=\"hidden\" id=\"_fluentform_1_fluentformnonce\" name=\"_fluentform_1_fluentformnonce\" value=\"0fcd0b3229\" \/><input type=\"hidden\" name=\"_wp_http_referer\" value=\"\/pt\/wp-json\/wp\/v2\/pages\/410\" \/><div class='ff-el-group  ff-custom_html' tabindex='-1' data-name=\"custom_html-1_1\" ><h4 style=\"text-align: center\">Escr\u00edbenos desde el formulario<\/h4><\/div><div data-type=\"name-element\" data-name=\"nombres\" class=\" ff-field_container ff-name-field-wrapper\" ><div class='ff-t-container'><div class='ff-t-cell '><div class='ff-el-group'><div class='ff-el-input--content'><input type=\"text\" name=\"nombres[first_name]\" id=\"ff_1_nombres_first_name_\" class=\"ff-el-form-control\" placeholder=\"Nombre\" aria-invalid=\"false\" aria-required=true><\/div><\/div><\/div><div class='ff-t-cell '><div class='ff-el-group'><div class='ff-el-input--content'><input type=\"text\" name=\"nombres[last_name]\" id=\"ff_1_nombres_last_name_\" class=\"ff-el-form-control\" placeholder=\"Apellido\" aria-invalid=\"false\" aria-required=true><\/div><\/div><\/div><\/div><\/div><div data-name=\"ff_cn_id_1\"  class='ff-t-container ff-column-container ff_columns_total_2 '><div class='ff-t-cell ff-t-column-1' style='flex-basis: 50%;'><div class='ff-el-group'><div class='ff-el-input--content'><input type=\"email\" name=\"email\" id=\"ff_1_email\" class=\"ff-el-form-control\" placeholder=\"email\" data-name=\"email\"  aria-invalid=\"false\" aria-required=true><\/div><\/div><\/div><div class='ff-t-cell ff-t-column-2' style='flex-basis: 50%;'><div class='ff-el-group'><div class='ff-el-input--content'><input name=\"telefono\" class=\"ff-el-form-control ff-el-phone ff_el_with_extended_validation\" type=\"tel\" placeholder=\"Tel\u00e9fono\" data-name=\"telefono\" id=\"ff_1_telefono\" inputmode=\"tel\"  aria-invalid='false' aria-required=true><\/div><\/div><\/div><\/div><div data-name=\"ff_cn_id_2\"  class='ff-t-container ff-column-container ff_columns_total_2 '><div class='ff-t-cell ff-t-column-1' style='flex-basis: 50%;'><div class='ff-el-group has-conditions'><div class=\"ff-el-input--label asterisk-right\"><label for='ff_1_Sector' id='label_ff_1_Sector' aria-label=\"\u00bfCu\u00e1l es tu sector?\">\u00bfCu\u00e1l es tu sector?<\/label><\/div><div class='ff-el-input--content'><select name=\"Sector\" id=\"ff_1_Sector\" class=\"ff-el-form-control\" data-name=\"Sector\" data-calc_value=\"0\"  aria-invalid=\"false\" aria-required=\"false\" aria-labelledby=\"label_ff_1_Sector\"><option value=\"\">- Seleciona una opci\u00f3n -<\/option><option value=\"Sector de la Energ\u00eda\"  >Sector de la Energ\u00eda<\/option><option value=\"Sector Farmac\u00e9utico\"  >Sector Farmac\u00e9utico<\/option><option value=\"Sector Industrial\"  >Sector Industrial<\/option><option value=\"Campos de Golf\"  >Campos de Golf<\/option><option value=\"Sector P\u00fablico\"  >Sector P\u00fablico<\/option><option value=\"Sector de la Pasta y Papel\"  >Sector de la Pasta y Papel<\/option><option value=\"Otro\"  >Otro<\/option><\/select><\/div><\/div><\/div><div class='ff-t-cell ff-t-column-2' style='flex-basis: 50%;'><div class='ff-el-group has-conditions'><div class=\"ff-el-input--label asterisk-right\"><label for='ff_1_Sector_industrial' id='label_ff_1_Sector_industrial' aria-label=\"Elige tu sector espec\u00edfico\">Elige tu sector espec\u00edfico<\/label><\/div><div class='ff-el-input--content'><select name=\"Sector_industrial\" id=\"ff_1_Sector_industrial\" class=\"ff-el-form-control\" data-name=\"Sector_industrial\" data-calc_value=\"0\"  aria-invalid=\"false\" aria-required=\"false\" aria-labelledby=\"label_ff_1_Sector_industrial\"><option value=\"\">- Selecciona -<\/option><option value=\"Qu\u00edmico\"  >Qu\u00edmico<\/option><option value=\"Ciclos Combinados\"  >Ciclos Combinados<\/option><option value=\"Metal\u00fargico\"  >Metal\u00fargico<\/option><option value=\"Textil\"  >Textil<\/option><option value=\"Cadenas de montaje\"  >Cadenas de montaje<\/option><\/select><\/div><\/div><\/div><\/div><div class='ff-el-group has-conditions'><div class=\"ff-el-input--label asterisk-right\"><label for='ff_1_Agua_necesaria' id='label_ff_1_Agua_necesaria' aria-label=\"\u00bfQu\u00e9 agua necesita?\">\u00bfQu\u00e9 agua necesita?<\/label><\/div><div class='ff-el-input--content'><select name=\"Agua_necesaria\" id=\"ff_1_Agua_necesaria\" class=\"ff-el-form-control\" data-name=\"Agua_necesaria\" data-calc_value=\"0\"  aria-invalid=\"false\" aria-required=\"false\" aria-labelledby=\"label_ff_1_Agua_necesaria\"><option value=\"\">- Selecciona una opci\u00f3n -<\/option><option value=\"Agua Desionizada de &amp;lt;0,1 \u03bcS\"  >Agua Desionizada de &lt;0,1 \u03bcS<\/option><option value=\"Agua Pura &amp;lt;10 \u03bcS\"  >Agua Pura &lt;10 \u03bcS<\/option><option value=\"Agua Desalada &amp;lt;100 \u03bcS\"  >Agua Desalada &lt;100 \u03bcS<\/option><option value=\"Agua Tratada\"  >Agua Tratada<\/option><\/select><\/div><\/div><div class='ff-el-group has-conditions'><div class='ff-el-input--content'><textarea aria-required=\"true\" aria-labelledby=\"label_ff_1_mensaje\" name=\"mensaje\" id=\"ff_1_mensaje\" class=\"ff-el-form-control\" placeholder=\"Expl\u00edcanos tu necesidad de agua\" rows=\"4\" cols=\"2\" data-name=\"mensaje\" ><\/textarea><\/div><\/div><div class='ff-el-group   has-conditions  ff-el-input--content'><div class='ff-el-form-check ff-el-tc'><label aria-label='Termos e Condi\u00e7\u00f5es: He le\u00eddo y acepto las pol\u00edticas de privacidad y protecci\u00f3n de datos de Soluwater. Cont\u00e9m 1 link. Use a navega\u00e7\u00e3o por abas para consultar.' class='ff-el-form-check-label ff_tc_label' for=gdpr-agreement_ca64d60d4bc8d5203321b9fdab86ea49><span class='ff_tc_checkbox'><input type=\"checkbox\" name=\"gdpr-agreement\" class=\"ff-el-form-check-input ff_gdpr_field\" data-name=\"gdpr-agreement\" id=\"gdpr-agreement_ca64d60d4bc8d5203321b9fdab86ea49\"  value='on' aria-invalid='false' aria-required=true><\/span> <div class='ff_t_c'>He le\u00eddo y acepto las <a href=\"https:\/\/soluwater.com\/legal\">pol\u00edticas de privacidad y protecci\u00f3n de datos<\/a> de Soluwater.<\/div><\/label><\/div><\/div><div class='ff-el-group ff-text-left ff_submit_btn_wrapper'><button type=\"submit\" class=\"ff-btn ff-btn-submit ff-btn-md ff_btn_style\"  aria-label=\"Enviar Solicitud\">Enviar Solicitud<\/button><\/div><\/fieldset><\/form><div id='fluentform_1_errors' class='ff-errors-in-stack ff_form_instance_1_1 ff-form-loading_errors ff_form_instance_1_1_errors'><\/div><\/div>            <script type=\"text\/javascript\">\n                window.fluent_form_ff_form_instance_1_1 = {\"id\":\"1\",\"settings\":{\"layout\":{\"labelPlacement\":\"top\",\"helpMessagePlacement\":\"with_label\",\"errorMessagePlacement\":\"inline\",\"cssClassName\":\"\",\"asteriskPlacement\":\"asterisk-right\"},\"restrictions\":{\"denyEmptySubmission\":{\"enabled\":false}}},\"form_instance\":\"ff_form_instance_1_1\",\"form_id_selector\":\"fluentform_1\",\"rules\":{\"nombres[first_name]\":{\"required\":{\"value\":true,\"message\":\"Es b\\u00e1sico para comenzar una relaci\\u00f3n laboral\",\"global\":false,\"global_message\":\"Este campo es obligatorio\"}},\"nombres[middle_name]\":{\"required\":{\"value\":false,\"message\":\"This field is required\",\"global\":false,\"global_message\":\"Este campo es obligatorio\"}},\"nombres[last_name]\":{\"required\":{\"value\":true,\"message\":\"Nos encanta conocer a nuestros futuros clientes\",\"global\":false,\"global_message\":\"Este campo es obligatorio\"}},\"email\":{\"required\":{\"value\":true,\"message\":\"\\u00a1Creo que haz olvidado completar este campo!\",\"global\":false,\"global_message\":\"Este campo es obligatorio\"},\"email\":{\"value\":true,\"message\":\"Debes completar este campo con un email v\\u00e1lido\",\"global\":false,\"global_message\":\"Este campo debe contener un correo electr\\u00f3nico v\\u00e1lido\"}},\"telefono\":{\"required\":{\"value\":true,\"message\":\"Ser\\u00eda ideal que un t\\u00e9cnico-comercial te contacte lo antes posible\",\"global\":false,\"global_message\":\"Este campo es obligatorio\"},\"valid_phone_number\":{\"value\":true,\"message\":\"Este no es un n\\u00famero v\\u00e1lido\",\"global\":false,\"global_message\":\"Phone number is not valid\"}},\"Sector\":{\"required\":{\"value\":false,\"message\":\"Este campo \\u00e9 obrigat\\u00f3rio\",\"global_message\":\"Este campo es obligatorio\",\"global\":true}},\"Sector_industrial\":{\"required\":{\"value\":false,\"message\":\"Este campo \\u00e9 obrigat\\u00f3rio\",\"global_message\":\"Este campo es obligatorio\",\"global\":true}},\"Agua_necesaria\":{\"required\":{\"value\":false,\"message\":\"Este campo \\u00e9 obrigat\\u00f3rio\",\"global_message\":\"Este campo es obligatorio\",\"global\":true}},\"mensaje\":{\"required\":{\"value\":true,\"message\":\"Es primordial saber en qu\\u00e9 podemos ayudarte para ofrecerte la mejor soluci\\u00f3n\",\"global\":false,\"global_message\":\"Este campo es obligatorio\"}},\"gdpr-agreement\":{\"required\":{\"value\":true,\"message\":\"Este campo \\u00e9 obrigat\\u00f3rio\",\"global_message\":\"Este campo es obligatorio\",\"global\":true}}},\"debounce_time\":300,\"conditionals\":{\"Sector\":{\"type\":\"any\",\"status\":true,\"conditions\":[{\"field\":\"telefono\",\"value\":\"\",\"operator\":\"!=\"}]},\"Sector_industrial\":{\"type\":\"any\",\"status\":true,\"conditions\":[{\"field\":\"Sector\",\"value\":\"Sector Industrial\",\"operator\":\"=\"}]},\"Agua_necesaria\":{\"type\":\"any\",\"status\":true,\"conditions\":[{\"field\":\"telefono\",\"value\":\"\",\"operator\":\"!=\"}]},\"mensaje\":{\"type\":\"any\",\"status\":true,\"conditions\":[{\"field\":\"Sector\",\"value\":\"\",\"operator\":\"!=\"}]},\"gdpr-agreement\":{\"type\":\"any\",\"status\":true,\"conditions\":[{\"field\":\"Agua_necesaria\",\"value\":\"\",\"operator\":\"!=\"}]}}};\n                            <\/script>\n            \n\t<\/div>\n<\/div>\n\n\n\n\n\t\t<\/div> \n\t<\/div>\n\t<\/div> \n<\/div><\/div>\n\t\t\t<\/div> \n\t\t<\/div>\n\t<\/div> \n<\/div><\/div>\n\t\t<div id=\"fws_69e06a34325e4\"  data-column-margin=\"default\" data-midnight=\"dark\"  class=\"wpb_row vc_row-fluid vc_row full-width-content vc_row-o-equal-height vc_row-flex vc_row-o-content-top\"  style=\"padding-top: 0px; padding-bottom: 0px; \"><div class=\"row-bg-wrap\" data-bg-animation=\"none\" data-bg-animation-delay=\"\" data-bg-overlay=\"false\"><div class=\"inner-wrap row-bg-layer\" ><div class=\"row-bg viewport-desktop\"  style=\"\"><\/div><\/div><\/div><div class=\"row_col_wrap_12 col span_12 dark left\">\n\t<div  class=\"vc_col-sm-12 wpb_column column_container vc_column_container col no-extra-padding inherit_tablet inherit_phone \"  data-padding-pos=\"all\" data-has-bg-color=\"false\" data-bg-color=\"\" data-bg-opacity=\"1\" data-animation=\"\" data-delay=\"0\" >\n\t\t<div class=\"vc_column-inner\" >\n\t\t\t<div class=\"wpb_wrapper\">\n\t\t\t\t<div id=\"map_69e06a3432bab\" style=\"height: 950px;\" class=\"nectar-google-map\" data-infowindow-start-open=\"\" data-dark-color-scheme=\"1\" data-marker-style=\"default\" data-nectar-marker-color=\"accent-color\" data-ultra-flat=\"\" data-greyscale=\"1\" data-extra-color=\"\" data-enable-animation=\"1\" data-enable-zoom=\"1\" data-zoom-level=\"17\" data-center-lat=\"40.31412\" data-center-lng=\"-3.76930\" data-marker-img=\"https:\/\/soluwater.com\/wp-content\/uploads\/2024\/04\/Pointer-SoluWater.png\"><\/div><div class=\"map_69e06a3432bab map-marker-list\"><div class=\"map-marker\" data-marker-image-width=\"50\" data-marker-image-height=\"50\" data-lat=\"40.31412\" data-lng=\"-3.76930\" data-mapinfo=\"Soluwater \u00b7 Empresa de alquiler de plantas m\u00f3viles de tratamiento de agua \u00b7 Calle Palier 58, 28914, Legan\u00e9s, Madrid - Espa\u00f1a\"><\/div><\/div>\n\t\t\t<\/div> \n\t\t<\/div>\n\t<\/div> \n<\/div><\/div>\n","protected":false},"excerpt":{"rendered":"Transformamos el agua que tienes, en el agua que necesitas, cuando la necesitas.Escr\u00edbenos al WhatsApp Calle Palier 58, 28914, Legan\u00e9s, Madrid - Espa\u00f1a comercial@soluwater.com Formulario ContactoEscr\u00edbenos desde el formulario\u00bfCu\u00e1l es...","protected":false},"author":2,"featured_media":1979,"parent":0,"menu_order":9,"comment_status":"closed","ping_status":"closed","template":"","meta":{"inline_featured_image":false,"footnotes":""},"class_list":["post-410","page","type-page","status-publish","has-post-thumbnail"],"yoast_head":"<!-- This site is optimized with the Yoast SEO plugin v27.2 - https:\/\/yoast.com\/product\/yoast-seo-wordpress\/ -->\n<title>Cont\u00e1ctanos - Soluwater<\/title>\n<meta name=\"robots\" content=\"index, follow, max-snippet:-1, max-image-preview:large, max-video-preview:-1\" \/>\n<link rel=\"canonical\" href=\"https:\/\/soluwater.com\/pt\/contacto\/\" \/>\n<meta property=\"og:locale\" content=\"pt_PT\" \/>\n<meta property=\"og:type\" content=\"article\" \/>\n<meta property=\"og:title\" content=\"Cont\u00e1ctanos - Soluwater\" \/>\n<meta property=\"og:url\" content=\"https:\/\/soluwater.com\/pt\/contacto\/\" \/>\n<meta property=\"og:site_name\" content=\"Soluwater\" \/>\n<meta property=\"article:modified_time\" content=\"2025-04-23T15:23:38+00:00\" \/>\n<meta property=\"og:image\" content=\"https:\/\/soluwater.com\/wp-content\/uploads\/2024\/05\/Imagen-OG-Contactanos.webp\" \/>\n\t<meta property=\"og:image:width\" content=\"1200\" \/>\n\t<meta property=\"og:image:height\" content=\"630\" \/>\n\t<meta property=\"og:image:type\" content=\"image\/webp\" \/>\n<meta name=\"twitter:card\" content=\"summary_large_image\" \/>\n<meta name=\"twitter:label1\" content=\"Tempo estimado de leitura\" \/>\n\t<meta name=\"twitter:data1\" content=\"5 minutos\" \/>\n<script type=\"application\/ld+json\" class=\"yoast-schema-graph\">{\"@context\":\"https:\/\/schema.org\",\"@graph\":[{\"@type\":\"WebPage\",\"@id\":\"https:\/\/soluwater.com\/contacto\/\",\"url\":\"https:\/\/soluwater.com\/contacto\/\",\"name\":\"Cont\u00e1ctanos - Soluwater\",\"isPartOf\":{\"@id\":\"https:\/\/soluwater.com\/#website\"},\"primaryImageOfPage\":{\"@id\":\"https:\/\/soluwater.com\/contacto\/#primaryimage\"},\"image\":{\"@id\":\"https:\/\/soluwater.com\/contacto\/#primaryimage\"},\"thumbnailUrl\":\"https:\/\/soluwater.com\/wp-content\/uploads\/2024\/05\/Imagen-OG-Contactanos.webp\",\"datePublished\":\"2024-03-27T16:06:29+00:00\",\"dateModified\":\"2025-04-23T15:23:38+00:00\",\"breadcrumb\":{\"@id\":\"https:\/\/soluwater.com\/contacto\/#breadcrumb\"},\"inLanguage\":\"pt-PT\",\"potentialAction\":[{\"@type\":\"ReadAction\",\"target\":[\"https:\/\/soluwater.com\/contacto\/\"]}]},{\"@type\":\"ImageObject\",\"inLanguage\":\"pt-PT\",\"@id\":\"https:\/\/soluwater.com\/contacto\/#primaryimage\",\"url\":\"https:\/\/soluwater.com\/wp-content\/uploads\/2024\/05\/Imagen-OG-Contactanos.webp\",\"contentUrl\":\"https:\/\/soluwater.com\/wp-content\/uploads\/2024\/05\/Imagen-OG-Contactanos.webp\",\"width\":1200,\"height\":630},{\"@type\":\"BreadcrumbList\",\"@id\":\"https:\/\/soluwater.com\/contacto\/#breadcrumb\",\"itemListElement\":[{\"@type\":\"ListItem\",\"position\":1,\"name\":\"Portada\",\"item\":\"https:\/\/soluwater.com\/\"},{\"@type\":\"ListItem\",\"position\":2,\"name\":\"Cont\u00e1ctanos\"}]},{\"@type\":\"WebSite\",\"@id\":\"https:\/\/soluwater.com\/#website\",\"url\":\"https:\/\/soluwater.com\/\",\"name\":\"Soluwater\",\"description\":\"Alquiler de plantas m\u00f3viles de tratamiento de agua\",\"potentialAction\":[{\"@type\":\"SearchAction\",\"target\":{\"@type\":\"EntryPoint\",\"urlTemplate\":\"https:\/\/soluwater.com\/?s={search_term_string}\"},\"query-input\":{\"@type\":\"PropertyValueSpecification\",\"valueRequired\":true,\"valueName\":\"search_term_string\"}}],\"inLanguage\":\"pt-PT\"}]}<\/script>\n<!-- \/ Yoast SEO plugin. -->","yoast_head_json":{"title":"Cont\u00e1ctanos - Soluwater","robots":{"index":"index","follow":"follow","max-snippet":"max-snippet:-1","max-image-preview":"max-image-preview:large","max-video-preview":"max-video-preview:-1"},"canonical":"https:\/\/soluwater.com\/pt\/contacto\/","og_locale":"pt_PT","og_type":"article","og_title":"Cont\u00e1ctanos - Soluwater","og_url":"https:\/\/soluwater.com\/pt\/contacto\/","og_site_name":"Soluwater","article_modified_time":"2025-04-23T15:23:38+00:00","og_image":[{"width":1200,"height":630,"url":"https:\/\/soluwater.com\/wp-content\/uploads\/2024\/05\/Imagen-OG-Contactanos.webp","type":"image\/webp"}],"twitter_card":"summary_large_image","twitter_misc":{"Tempo estimado de leitura":"5 minutos"},"schema":{"@context":"https:\/\/schema.org","@graph":[{"@type":"WebPage","@id":"https:\/\/soluwater.com\/contacto\/","url":"https:\/\/soluwater.com\/contacto\/","name":"Cont\u00e1ctanos - Soluwater","isPartOf":{"@id":"https:\/\/soluwater.com\/#website"},"primaryImageOfPage":{"@id":"https:\/\/soluwater.com\/contacto\/#primaryimage"},"image":{"@id":"https:\/\/soluwater.com\/contacto\/#primaryimage"},"thumbnailUrl":"https:\/\/soluwater.com\/wp-content\/uploads\/2024\/05\/Imagen-OG-Contactanos.webp","datePublished":"2024-03-27T16:06:29+00:00","dateModified":"2025-04-23T15:23:38+00:00","breadcrumb":{"@id":"https:\/\/soluwater.com\/contacto\/#breadcrumb"},"inLanguage":"pt-PT","potentialAction":[{"@type":"ReadAction","target":["https:\/\/soluwater.com\/contacto\/"]}]},{"@type":"ImageObject","inLanguage":"pt-PT","@id":"https:\/\/soluwater.com\/contacto\/#primaryimage","url":"https:\/\/soluwater.com\/wp-content\/uploads\/2024\/05\/Imagen-OG-Contactanos.webp","contentUrl":"https:\/\/soluwater.com\/wp-content\/uploads\/2024\/05\/Imagen-OG-Contactanos.webp","width":1200,"height":630},{"@type":"BreadcrumbList","@id":"https:\/\/soluwater.com\/contacto\/#breadcrumb","itemListElement":[{"@type":"ListItem","position":1,"name":"Portada","item":"https:\/\/soluwater.com\/"},{"@type":"ListItem","position":2,"name":"Cont\u00e1ctanos"}]},{"@type":"WebSite","@id":"https:\/\/soluwater.com\/#website","url":"https:\/\/soluwater.com\/","name":"Soluwater","description":"Aluguer de esta\u00e7\u00f5es m\u00f3veis de tratamento de \u00e1guas","potentialAction":[{"@type":"SearchAction","target":{"@type":"EntryPoint","urlTemplate":"https:\/\/soluwater.com\/?s={search_term_string}"},"query-input":{"@type":"PropertyValueSpecification","valueRequired":true,"valueName":"search_term_string"}}],"inLanguage":"pt-PT"}]}},"_links":{"self":[{"href":"https:\/\/soluwater.com\/pt\/wp-json\/wp\/v2\/pages\/410","targetHints":{"allow":["GET"]}}],"collection":[{"href":"https:\/\/soluwater.com\/pt\/wp-json\/wp\/v2\/pages"}],"about":[{"href":"https:\/\/soluwater.com\/pt\/wp-json\/wp\/v2\/types\/page"}],"author":[{"embeddable":true,"href":"https:\/\/soluwater.com\/pt\/wp-json\/wp\/v2\/users\/2"}],"replies":[{"embeddable":true,"href":"https:\/\/soluwater.com\/pt\/wp-json\/wp\/v2\/comments?post=410"}],"version-history":[{"count":22,"href":"https:\/\/soluwater.com\/pt\/wp-json\/wp\/v2\/pages\/410\/revisions"}],"predecessor-version":[{"id":3114,"href":"https:\/\/soluwater.com\/pt\/wp-json\/wp\/v2\/pages\/410\/revisions\/3114"}],"wp:featuredmedia":[{"embeddable":true,"href":"https:\/\/soluwater.com\/pt\/wp-json\/wp\/v2\/media\/1979"}],"wp:attachment":[{"href":"https:\/\/soluwater.com\/pt\/wp-json\/wp\/v2\/media?parent=410"}],"curies":[{"name":"wp","href":"https:\/\/api.w.org\/{rel}","templated":true}]}}